{"id":9554,"date":"2026-01-28T13:21:42","date_gmt":"2026-01-28T10:21:42","guid":{"rendered":"https:\/\/drmeryshoes.com\/?page_id=9554"},"modified":"2026-04-23T11:35:29","modified_gmt":"2026-04-23T08:35:29","slug":"silver-socks","status":"publish","type":"page","link":"https:\/\/drmeryshoes.com\/tr\/silver-socks\/","title":{"rendered":"G\u00dcM\u00dc\u015e \u0130YONLU \u00c7ORAP"},"content":{"rendered":"<section class=\"l-section wpb_row us_custom_a891cc00 height_small width_full\"><div class=\"l-section-h i-cf\"><div class=\"g-cols vc_row via_grid cols_2 laptops-cols_inherit tablets-cols_inherit mobiles-cols_1 valign_middle type_default reversed\"><div class=\"wpb_column vc_column_container\"><div class=\"vc_column-inner\"><div class=\"wpb_text_column\"><div class=\"wpb_wrapper\"><\/p>\n<h1 style=\"text-align: center;\">G\u00dcM\u00dc\u015e \u0130YONLU \u00c7ORAP<\/h1>\n<p>\n<\/div><\/div><div class=\"w-image us_custom_4275b21b has_ratio align_none\"><div class=\"w-image-h\"><div style=\"padding-bottom:100%\"><\/div><img fetchpriority=\"high\" decoding=\"async\" width=\"834\" height=\"794\" src=\"https:\/\/drmeryshoes.com\/wp-content\/uploads\/corap.jpg\" class=\"attachment-full size-full\" alt=\"\" loading=\"eager\" \/><\/div><\/div><\/div><\/div><div class=\"wpb_column vc_column_container\"><div class=\"vc_column-inner\"><div class=\"wpb_text_column us_custom_a16392b1\"><div class=\"wpb_wrapper\"><\/p>\n<div>\n<div>\n<div>\u00a0<\/div>\n<\/div>\n<\/div>\n<p><span style=\"font-style: inherit;\">Saf g\u00fcm\u00fc\u015f iplik, insan cildiyle temas etti\u011finde herhangi bir yan etkiye neden olmaz. Klinik \u00e7al\u0131\u015fmalar, g\u00fcm\u00fc\u015f\u00fcn antimikrobiyal etkilerini kesin olarak kan\u0131tlam\u0131\u015ft\u0131r.<\/span><\/p>\n<p>G\u00fcm\u00fc\u015f, bir saat i\u00e7inde bakteri ve mantarlar\u0131n ,9\u2019unu yok eder ve 400\u2019den fazla mikroorganizma t\u00fcr\u00fcne kar\u015f\u0131 etkilidir. Saf g\u00fcm\u00fc\u015f iplik teknolojisi sayesinde Dr. Mery \u00e7oraplar\u0131 so\u011fuk havalarda ayaklar\u0131n\u0131z\u0131 s\u0131cak tutar. Antibakteriyel ve antimikrobiyal \u00f6zellikleri, ayaklar\u0131n\u0131zda olu\u015fabilecek yaralar\u0131n ve enfeksiyonlar\u0131n \u00f6nlenmesine yard\u0131mc\u0131 olur.<\/p>\n<p>Diyabet hastalar\u0131 i\u00e7in \u00f6zel olarak tasarlanan Dr. Mery \u00e7oraplar\u0131, ayaklar\u0131 s\u0131kmayan ve kan dola\u015f\u0131m\u0131n\u0131 engellemeyen \u00f6zel bir lastik yap\u0131s\u0131na sahiptir. Bile\u011fe kadar uzanan g\u00fcm\u00fc\u015f kaplama \u015fi\u015fmeyi \u00f6nlemeye yard\u0131mc\u0131 olurken, diki\u015fsiz burun tasar\u0131m\u0131 tahri\u015fi ortadan kald\u0131r\u0131r.<\/p>\n<p>T\u00fcm Dr. Mery \u00fcr\u00fcnlerinde, % 12 nin \u00fczerinde konsantrasyonda saf g\u00fcm\u00fc\u015f metal kullan\u0131lmaktad\u0131r. G\u00fcm\u00fc\u015f metal, hassas dedekt\u00f6rlerle kolayca tespit edilebilir ve \u00e7\u0131plak g\u00f6zle a\u00e7\u0131k\u00e7a g\u00f6r\u00fclebilir.<\/p>\n<p>Dr. Mery G\u00fcm\u00fc\u015f \u00c7oraplar\u0131n\u0131n \u00d6zellikleri:<\/p>\n<ul>\n<li>Ayaklar\u0131 s\u0131kmayan ve kan dola\u015f\u0131m\u0131n\u0131 engellemeyen, diyabet hastalar\u0131 i\u00e7in \u00f6zel olarak tasarlanm\u0131\u015f elastik bant.<\/li>\n<li><span style=\"font-style: inherit;\"> Diki\u015fsiz burun tasar\u0131m\u0131 tahri\u015fi \u00f6nler.<\/span><\/li>\n<li><span style=\"font-style: inherit;\"> Kan dola\u015f\u0131m\u0131n\u0131 iyile\u015ftirerek ayaklarda uyu\u015fma ve \u015fi\u015fmeyi \u00f6nlemeye yard\u0131mc\u0131 olur.<\/span><\/li>\n<li><span style=\"font-style: inherit;\"> Ayak yaralar\u0131n\u0131n daha h\u0131zl\u0131 iyile\u015fmesini destekler.<\/span><\/li>\n<li><span style=\"font-style: inherit;\"> Mantar enfeksiyonlar\u0131n\u0131 ve egzama olu\u015fumunu \u00f6nlemeye yard\u0131mc\u0131 olur.<\/span><\/li>\n<li><span style=\"font-style: inherit;\"> K\u0131\u015f aylar\u0131nda ayaklar\u0131 s\u0131cak tutar, yaz aylar\u0131nda ise terlemeyi azalt\u0131r.<\/span><\/li>\n<li><span style=\"font-style: inherit;\"> V\u00fccuttaki statik elektri\u011fi ortadan kald\u0131rarak yorgunluk ve stresi azaltmaya yard\u0131mc\u0131 olur.<\/span><\/li>\n<li><span style=\"font-style: inherit;\"> Radyasyona kar\u015f\u0131 koruma sa\u011flar.<\/span><\/li>\n<li><span style=\"font-style: inherit;\"> Uzun yolculuklar s\u0131ras\u0131nda olu\u015fabilecek \u015fi\u015fmeyi \u00f6nlemeye yard\u0131mc\u0131 olur.<\/span><\/li>\n<li><span style=\"font-style: inherit;\"> Ayaklarda bakteri ve mikroorganizmalar\u0131n \u00e7o\u011falmas\u0131n\u0131 engeller.<\/span><\/li>\n<\/ul>\n<p>Uzm.Dr. R\u0131fat\u2019\u0131n Dr. Mery \u00c7oraplar\u0131n\u0131 \u00d6nerdi\u011fi Durumlar:<\/p>\n<ul>\n<li>Diyabet hastalar\u0131<\/li>\n<li><span style=\"font-style: inherit;\"> Ayaklar\u0131 a\u015f\u0131r\u0131 terleyen veya s\u00fcrekli \u00fc\u015f\u00fcyen ki\u015filer<\/span><\/li>\n<li><span style=\"font-style: inherit;\"> Ayak mantar\u0131, egzama veya \u015fi\u015flik problemi ya\u015fayanlar<\/span><\/li>\n<li><span style=\"font-style: inherit;\"> Ayak kokusu sorunu olanlar<\/span><\/li>\n<li><span style=\"font-style: inherit;\"> Yara tedavisi g\u00f6ren bireyler<\/span><\/li>\n<li><span style=\"font-style: inherit;\"> Hamile kad\u0131nlar<\/span><\/li>\n<li><span style=\"font-style: inherit;\"> Askerler ve sporcular<\/span><\/li>\n<li><span style=\"font-style: inherit;\"> Uzun mesafeli yolculuk yapanlar<\/span><\/li>\n<li><span style=\"font-style: inherit;\"> Uzun s\u00fcre ayakta kalan ki\u015filer<\/span><\/li>\n<li><span style=\"font-style: inherit;\"> Ayak bak\u0131m\u0131na ve sa\u011fl\u0131\u011f\u0131na \u00f6nem veren herkes<\/span><br \/>\n<h6><span style=\"font-size: 16px;\">UZM.DR R\u0131fat TOP\u00c7UO\u011eLU<\/span><\/h6>\n<\/li>\n<\/ul>\n<p>\n<\/div><\/div><\/div><\/div><\/div><\/div><\/section><section class=\"l-section wpb_row height_custom\"><div class=\"l-section-h i-cf\"><div class=\"g-cols vc_row via_grid cols_1 laptops-cols_inherit tablets-cols_inherit mobiles-cols_1 valign_top type_default stacking_default\"><div class=\"wpb_column vc_column_container\"><div class=\"vc_column-inner\"><\/div><\/div><\/div><\/div><\/section>","protected":false},"excerpt":{"rendered":"SILVER SOCKS \u00a0 Pure silver yarn causes no side effects when it comes into contact with human skin. Clinical studies have conclusively proven the antimicrobial effects of silver. Silver eliminates 99.9% of bacteria and fungi within an hour and is effective against more than 400 types of microorganisms.Thanks to pure silver yarn technology, Dr. Mery...","protected":false},"author":1,"featured_media":0,"parent":0,"menu_order":0,"comment_status":"closed","ping_status":"closed","template":"","meta":{"_themeisle_gutenberg_block_has_review":false,"footnotes":""},"class_list":["post-9554","page","type-page","status-publish","hentry"],"_links":{"self":[{"href":"https:\/\/drmeryshoes.com\/tr\/wp-json\/wp\/v2\/pages\/9554","targetHints":{"allow":["GET"]}}],"collection":[{"href":"https:\/\/drmeryshoes.com\/tr\/wp-json\/wp\/v2\/pages"}],"about":[{"href":"https:\/\/drmeryshoes.com\/tr\/wp-json\/wp\/v2\/types\/page"}],"author":[{"embeddable":true,"href":"https:\/\/drmeryshoes.com\/tr\/wp-json\/wp\/v2\/users\/1"}],"replies":[{"embeddable":true,"href":"https:\/\/drmeryshoes.com\/tr\/wp-json\/wp\/v2\/comments?post=9554"}],"version-history":[{"count":6,"href":"https:\/\/drmeryshoes.com\/tr\/wp-json\/wp\/v2\/pages\/9554\/revisions"}],"predecessor-version":[{"id":9717,"href":"https:\/\/drmeryshoes.com\/tr\/wp-json\/wp\/v2\/pages\/9554\/revisions\/9717"}],"wp:attachment":[{"href":"https:\/\/drmeryshoes.com\/tr\/wp-json\/wp\/v2\/media?parent=9554"}],"curies":[{"name":"wp","href":"https:\/\/api.w.org\/{rel}","templated":true}]}}