{"id":9539,"date":"2026-01-28T13:03:50","date_gmt":"2026-01-28T10:03:50","guid":{"rendered":"https:\/\/drmeryshoes.com\/?page_id=9539"},"modified":"2026-01-28T14:18:09","modified_gmt":"2026-01-28T11:18:09","slug":"hallux-valgus-3","status":"publish","type":"page","link":"https:\/\/drmeryshoes.com\/tr\/hallux-valgus-3\/","title":{"rendered":"HALLUX VALGUS"},"content":{"rendered":"<section class=\"l-section wpb_row us_custom_a891cc00 height_small width_full\"><div class=\"l-section-h i-cf\"><div class=\"g-cols vc_row via_grid cols_2 laptops-cols_inherit tablets-cols_inherit mobiles-cols_1 valign_middle type_default reversed\"><div class=\"wpb_column vc_column_container\"><div class=\"vc_column-inner\"><div class=\"wpb_text_column\"><div class=\"wpb_wrapper\"><\/p>\n<h1 style=\"text-align: center;\">HALLUX VALGUS<\/h1>\n<p>\n<\/div><\/div><div class=\"w-image us_custom_4275b21b has_ratio align_none\"><div class=\"w-image-h\"><div style=\"padding-bottom:56.25%\"><\/div><img fetchpriority=\"high\" decoding=\"async\" width=\"794\" height=\"466\" src=\"https:\/\/drmeryshoes.com\/wp-content\/uploads\/HALLUX-VALGUS.png\" class=\"attachment-full size-full\" alt=\"\" loading=\"eager\" \/><\/div><\/div><\/div><\/div><div class=\"wpb_column vc_column_container\"><div class=\"vc_column-inner\"><div class=\"wpb_text_column\"><div class=\"wpb_wrapper\"><\/p>\n<div data-olk-copy-source=\"MessageBody\">Halluks valgus (HV), di\u011fer ad\u0131yla bunyon, en yayg\u0131n \u00f6n ayak deformitelerinden biridir. HV, kad\u0131nlarda erkeklere g\u00f6re daha s\u0131k g\u00f6r\u00fcl\u00fcr ve dar ayakkab\u0131 veya topuklu ayakkab\u0131 giyenlerde daha yayg\u0131nd\u0131r.<\/div>\n<div>Tedavi, \u00f6ncelikle daha geni\u015f ayakkab\u0131lar kullanmak, ortopedik tabanl\u0131klar ve gece atelleri gibi cerrahi olmayan y\u00f6ntemlerin denenmesine odaklan\u0131r. Konservatif tedavi etkisiz kal\u0131rsa, bir sonraki \u00f6nerilen ad\u0131m cerrahi m\u00fcdahaledir.<\/div>\n<div>Bir bunyon nas\u0131l \u00f6nlenebilir?<\/div>\n<div>\n<div>Uygun olmayan ayakkab\u0131lardan ka\u00e7\u0131n\u0131n; \u00f6rne\u011fin sivri burunlu ayakkab\u0131lar.<\/div>\n<div>En iyi uyumu bulana kadar birden fazla ayakkab\u0131 numaras\u0131n\u0131 deneyin, kendi numaran\u0131z\u0131 bilseniz bile. Ayr\u0131ca, denedi\u011finiz ayakkab\u0131larda oturup y\u00fcr\u00fcyerek parmaklar\u0131n\u0131z\u0131n a\u011fr\u0131s\u0131z ve s\u0131k\u0131\u015fmam\u0131\u015f oldu\u011fundan emin olun.<\/div>\n<\/div>\n<div><\/div>\n<div>Dr. Mery ayakkab\u0131lar\u0131n\u0131n amac\u0131, halluks valgus olu\u015fumunu \u00f6nlemek, estetik bir g\u00f6r\u00fcn\u00fcm sa\u011flamak ve a\u011fr\u0131y\u0131 engellemektir.<\/div>\n<div><\/div>\n<div>Dr. Mery ayakkab\u0131lar\u0131, halluks valgus olu\u015fumunu \u00f6nlemek, estetik bir g\u00f6r\u00fcn\u00fcm sa\u011flamak ve a\u011fr\u0131y\u0131 engellemek amac\u0131yla tasarlanm\u0131\u015ft\u0131r.<\/div>\n<div><\/div>\n<p style=\"text-align: left;\">UZM.DR R\u0131fat TOP\u00c7UO\u011eLU<\/p>\n<p>\n<\/div><\/div><\/div><\/div><\/div><\/div><\/section><section class=\"l-section wpb_row height_custom\"><div class=\"l-section-h i-cf\"><div class=\"g-cols vc_row via_grid cols_1 laptops-cols_inherit tablets-cols_inherit mobiles-cols_1 valign_top type_default stacking_default\"><div class=\"wpb_column vc_column_container hr-class\"><div class=\"vc_column-inner\"><div class=\"w-image align_center\"><div class=\"w-image-h\"><img decoding=\"async\" width=\"628\" height=\"636\" src=\"https:\/\/drmeryshoes.com\/wp-content\/uploads\/turkce-hallux.jpg\" class=\"attachment-large size-large\" alt=\"\" loading=\"lazy\" srcset=\"https:\/\/drmeryshoes.com\/wp-content\/uploads\/turkce-hallux.jpg 671w, https:\/\/drmeryshoes.com\/wp-content\/uploads\/turkce-hallux-300x274.jpg 300w, https:\/\/drmeryshoes.com\/wp-content\/uploads\/turkce-hallux-13x12.jpg 13w\" sizes=\"auto, (max-width: 628px) 100vw, 628px\" \/><\/div><\/div><\/div><\/div><\/div><\/div><\/section><section class=\"l-section wpb_row height_custom\"><div class=\"l-section-h i-cf\"><div class=\"g-cols vc_row via_grid cols_1 laptops-cols_inherit tablets-cols_inherit mobiles-cols_1 valign_top type_default stacking_default\"><div class=\"wpb_column vc_column_container hr-class\"><div class=\"vc_column-inner\"><div class=\"w-image align_none\"><div class=\"w-image-h\"><img decoding=\"async\" width=\"1395\" height=\"1536\" src=\"https:\/\/drmeryshoes.com\/wp-content\/uploads\/Slayt1-6-1-1395x1536.jpg\" class=\"attachment-us_1536_1536 size-us_1536_1536\" alt=\"\" loading=\"lazy\" srcset=\"https:\/\/drmeryshoes.com\/wp-content\/uploads\/Slayt1-6-1-1395x1536.jpg 1395w, https:\/\/drmeryshoes.com\/wp-content\/uploads\/Slayt1-6-1-272x300.jpg 272w, https:\/\/drmeryshoes.com\/wp-content\/uploads\/Slayt1-6-1-930x1024.jpg 930w, https:\/\/drmeryshoes.com\/wp-content\/uploads\/Slayt1-6-1-11x12.jpg 11w\" sizes=\"auto, (max-width: 1395px) 100vw, 1395px\" \/><\/div><\/div><\/div><\/div><\/div><\/div><\/section><section class=\"l-section wpb_row height_custom\"><div class=\"l-section-h i-cf\"><div class=\"g-cols vc_row via_grid cols_1 laptops-cols_inherit tablets-cols_inherit mobiles-cols_1 valign_top type_default stacking_default\"><div class=\"wpb_column vc_column_container hr-class\"><div class=\"vc_column-inner\"><div class=\"w-image align_none\"><div class=\"w-image-h\"><img decoding=\"async\" width=\"1385\" height=\"1536\" src=\"https:\/\/drmeryshoes.com\/wp-content\/uploads\/Slayt2-4-1-1385x1536.jpg\" class=\"attachment-us_1536_1536 size-us_1536_1536\" alt=\"\" loading=\"lazy\" srcset=\"https:\/\/drmeryshoes.com\/wp-content\/uploads\/Slayt2-4-1-1385x1536.jpg 1385w, https:\/\/drmeryshoes.com\/wp-content\/uploads\/Slayt2-4-1-271x300.jpg 271w, https:\/\/drmeryshoes.com\/wp-content\/uploads\/Slayt2-4-1-923x1024.jpg 923w, https:\/\/drmeryshoes.com\/wp-content\/uploads\/Slayt2-4-1-11x12.jpg 11w\" sizes=\"auto, (max-width: 1385px) 100vw, 1385px\" \/><\/div><\/div><\/div><\/div><\/div><\/div><\/section><section class=\"l-section wpb_row height_custom\"><div class=\"l-section-h i-cf\"><div class=\"g-cols vc_row via_grid cols_1 laptops-cols_inherit tablets-cols_inherit mobiles-cols_1 valign_top type_default stacking_default\"><div class=\"wpb_column vc_column_container hr-class\"><div class=\"vc_column-inner\"><div class=\"w-image align_none\"><div class=\"w-image-h\"><img decoding=\"async\" width=\"1372\" height=\"1536\" src=\"https:\/\/drmeryshoes.com\/wp-content\/uploads\/Slayt3-3-1-1372x1536.jpg\" class=\"attachment-us_1536_1536 size-us_1536_1536\" alt=\"\" loading=\"lazy\" srcset=\"https:\/\/drmeryshoes.com\/wp-content\/uploads\/Slayt3-3-1-1372x1536.jpg 1372w, https:\/\/drmeryshoes.com\/wp-content\/uploads\/Slayt3-3-1-268x300.jpg 268w, https:\/\/drmeryshoes.com\/wp-content\/uploads\/Slayt3-3-1-914x1024.jpg 914w, https:\/\/drmeryshoes.com\/wp-content\/uploads\/Slayt3-3-1-11x12.jpg 11w\" sizes=\"auto, (max-width: 1372px) 100vw, 1372px\" \/><\/div><\/div><\/div><\/div><\/div><\/div><\/section><section class=\"l-section wpb_row height_custom\"><div class=\"l-section-h i-cf\"><div class=\"g-cols vc_row via_grid cols_1 laptops-cols_inherit tablets-cols_inherit mobiles-cols_1 valign_top type_default stacking_default\"><div class=\"wpb_column vc_column_container hr-class\"><div class=\"vc_column-inner\"><div class=\"w-image align_none\"><div class=\"w-image-h\"><img decoding=\"async\" width=\"1390\" height=\"1536\" src=\"https:\/\/drmeryshoes.com\/wp-content\/uploads\/Slayt4-1-1-1390x1536.jpg\" class=\"attachment-us_1536_1536 size-us_1536_1536\" alt=\"\" loading=\"lazy\" srcset=\"https:\/\/drmeryshoes.com\/wp-content\/uploads\/Slayt4-1-1-1390x1536.jpg 1390w, https:\/\/drmeryshoes.com\/wp-content\/uploads\/Slayt4-1-1-271x300.jpg 271w, https:\/\/drmeryshoes.com\/wp-content\/uploads\/Slayt4-1-1-927x1024.jpg 927w, https:\/\/drmeryshoes.com\/wp-content\/uploads\/Slayt4-1-1-11x12.jpg 11w\" sizes=\"auto, (max-width: 1390px) 100vw, 1390px\" \/><\/div><\/div><\/div><\/div><\/div><\/div><\/section>","protected":false},"excerpt":{"rendered":"HALLUX VALGUS Hallux valgus (HV), also known as a bunion, is one of the most common forefoot deformities. HV tends to occur more commonly in women than in men, and occurs more in those who wear tight shoes or heels. Treatment centers upon first trialing non-surgical approaches such as wider shoes, use of orthotics, and...","protected":false},"author":1,"featured_media":0,"parent":0,"menu_order":0,"comment_status":"closed","ping_status":"closed","template":"","meta":{"_themeisle_gutenberg_block_has_review":false,"footnotes":""},"class_list":["post-9539","page","type-page","status-publish","hentry"],"_links":{"self":[{"href":"https:\/\/drmeryshoes.com\/tr\/wp-json\/wp\/v2\/pages\/9539","targetHints":{"allow":["GET"]}}],"collection":[{"href":"https:\/\/drmeryshoes.com\/tr\/wp-json\/wp\/v2\/pages"}],"about":[{"href":"https:\/\/drmeryshoes.com\/tr\/wp-json\/wp\/v2\/types\/page"}],"author":[{"embeddable":true,"href":"https:\/\/drmeryshoes.com\/tr\/wp-json\/wp\/v2\/users\/1"}],"replies":[{"embeddable":true,"href":"https:\/\/drmeryshoes.com\/tr\/wp-json\/wp\/v2\/comments?post=9539"}],"version-history":[{"count":3,"href":"https:\/\/drmeryshoes.com\/tr\/wp-json\/wp\/v2\/pages\/9539\/revisions"}],"predecessor-version":[{"id":9586,"href":"https:\/\/drmeryshoes.com\/tr\/wp-json\/wp\/v2\/pages\/9539\/revisions\/9586"}],"wp:attachment":[{"href":"https:\/\/drmeryshoes.com\/tr\/wp-json\/wp\/v2\/media?parent=9539"}],"curies":[{"name":"wp","href":"https:\/\/api.w.org\/{rel}","templated":true}]}}