{"id":9529,"date":"2026-01-28T12:19:23","date_gmt":"2026-01-28T09:19:23","guid":{"rendered":"https:\/\/drmeryshoes.com\/?page_id=9529"},"modified":"2026-01-28T12:57:37","modified_gmt":"2026-01-28T09:57:37","slug":"metatarsalgi-2","status":"publish","type":"page","link":"https:\/\/drmeryshoes.com\/tr\/metatarsalgi-2\/","title":{"rendered":"METETARSALJ\u0130"},"content":{"rendered":"<section class=\"l-section wpb_row us_custom_a891cc00 height_small width_full\"><div class=\"l-section-h i-cf\"><div class=\"g-cols vc_row via_grid cols_2 laptops-cols_inherit tablets-cols_inherit mobiles-cols_1 valign_middle type_default reversed\"><div class=\"wpb_column vc_column_container\"><div class=\"vc_column-inner\"><div class=\"wpb_text_column\"><div class=\"wpb_wrapper\"><\/p>\n<h1 style=\"text-align: center;\">METETARSALJ\u0130<\/h1>\n<p>\n<\/div><\/div><div class=\"w-image us_custom_4275b21b has_ratio align_none\"><div class=\"w-image-h\"><div style=\"padding-bottom:56.25%\"><\/div><img fetchpriority=\"high\" decoding=\"async\" width=\"748\" height=\"499\" src=\"https:\/\/drmeryshoes.com\/wp-content\/uploads\/MERATARSALGI.jpg\" class=\"attachment-full size-full\" alt=\"\" loading=\"eager\" \/><\/div><\/div><\/div><\/div><div class=\"wpb_column vc_column_container\"><div class=\"vc_column-inner\"><div class=\"wpb_text_column\"><div class=\"wpb_wrapper\"><\/p>\n<p>Ayak a\u011fr\u0131r ve iltihaplan\u0131r. Ko\u015fu ve z\u0131plamay\u0131 i\u00e7eren aktivitelerde bulunuyorsan\u0131z geli\u015febilir. Ayr\u0131ca ayak deformiteleri ve \u00e7ok s\u0131k\u0131 veya \u00e7ok gev\u015fek ayakkab\u0131lar gibi di\u011fer nedenler de vard\u0131r.<\/p>\n<p>Genellikle ciddi olmasa da, metatarsalji sizi g\u00fcnl\u00fck aktivitelerden uzak b\u0131rakabilir. Neyse ki, evde uygulanan tedaviler, \u00f6rne\u011fin buz ve dinlenme, genellikle belirtileri hafifletir. Darbe emici tabanl\u0131klar veya kemer destekleri olan uygun ayakkab\u0131lar giymek, gelecekteki metatarsalji sorunlar\u0131n\u0131 \u00f6nleyebilir veya azaltabilir.<\/p>\n<p>UZM.DR R\u0131fat TOP\u00c7UO\u011eLU<\/p>\n<p>\n<\/div><\/div><\/div><\/div><\/div><\/div><\/section><section class=\"l-section wpb_row height_custom\"><div class=\"l-section-h i-cf\"><div class=\"g-cols vc_row via_grid cols_1 laptops-cols_inherit tablets-cols_inherit mobiles-cols_1 valign_top type_default stacking_default\"><div class=\"wpb_column vc_column_container hr-class\"><div class=\"vc_column-inner\"><div class=\"w-html\"><hr border-width: 20px; border-color: green;><\/div><div class=\"w-image align_center\"><div class=\"w-image-h\"><img decoding=\"async\" width=\"883\" height=\"623\" src=\"https:\/\/drmeryshoes.com\/wp-content\/uploads\/metetars-turkce.jpg\" class=\"attachment-us_1536_1536 size-us_1536_1536\" alt=\"\" loading=\"lazy\" srcset=\"https:\/\/drmeryshoes.com\/wp-content\/uploads\/metetars-turkce.jpg 945w, https:\/\/drmeryshoes.com\/wp-content\/uploads\/metetars-turkce-300x198.jpg 300w, https:\/\/drmeryshoes.com\/wp-content\/uploads\/metetars-turkce-18x12.jpg 18w\" sizes=\"auto, (max-width: 883px) 100vw, 883px\" \/><\/div><\/div><\/div><\/div><\/div><\/div><\/section>","protected":false},"excerpt":{"rendered":"METATARSALGI Your foot becomes painful and inflamed. You might develop it if you participate in activities that involve running and jumping. There are other causes as well, including foot deformities and shoes that are too tight or too loose. Although generally not serious, metatarsalgia can sideline you. Fortunately, at-home treatments, such as ice and rest,...","protected":false},"author":1,"featured_media":0,"parent":0,"menu_order":0,"comment_status":"closed","ping_status":"closed","template":"","meta":{"_themeisle_gutenberg_block_has_review":false,"footnotes":""},"class_list":["post-9529","page","type-page","status-publish","hentry"],"_links":{"self":[{"href":"https:\/\/drmeryshoes.com\/tr\/wp-json\/wp\/v2\/pages\/9529","targetHints":{"allow":["GET"]}}],"collection":[{"href":"https:\/\/drmeryshoes.com\/tr\/wp-json\/wp\/v2\/pages"}],"about":[{"href":"https:\/\/drmeryshoes.com\/tr\/wp-json\/wp\/v2\/types\/page"}],"author":[{"embeddable":true,"href":"https:\/\/drmeryshoes.com\/tr\/wp-json\/wp\/v2\/users\/1"}],"replies":[{"embeddable":true,"href":"https:\/\/drmeryshoes.com\/tr\/wp-json\/wp\/v2\/comments?post=9529"}],"version-history":[{"count":2,"href":"https:\/\/drmeryshoes.com\/tr\/wp-json\/wp\/v2\/pages\/9529\/revisions"}],"predecessor-version":[{"id":9532,"href":"https:\/\/drmeryshoes.com\/tr\/wp-json\/wp\/v2\/pages\/9529\/revisions\/9532"}],"wp:attachment":[{"href":"https:\/\/drmeryshoes.com\/tr\/wp-json\/wp\/v2\/media?parent=9529"}],"curies":[{"name":"wp","href":"https:\/\/api.w.org\/{rel}","templated":true}]}}