{"id":9489,"date":"2026-01-28T11:47:09","date_gmt":"2026-01-28T08:47:09","guid":{"rendered":"https:\/\/drmeryshoes.com\/?page_id=9489"},"modified":"2026-02-12T10:27:30","modified_gmt":"2026-02-12T07:27:30","slug":"flat-feet","status":"publish","type":"page","link":"https:\/\/drmeryshoes.com\/tr\/flat-feet\/","title":{"rendered":"D\u00dcZ TABAN"},"content":{"rendered":"<section class=\"l-section wpb_row us_custom_821ba03d height_small width_full\"><div class=\"l-section-h i-cf\"><div class=\"g-cols vc_row via_grid cols_2 laptops-cols_inherit tablets-cols_inherit mobiles-cols_1 valign_top type_default reversed\"><div class=\"wpb_column vc_column_container\"><div class=\"vc_column-inner\"><div class=\"wpb_text_column\"><div class=\"wpb_wrapper\"><\/p>\n<h1 style=\"text-align: center;\">D\u00dcZ TABAN<\/h1>\n<p>\n<\/div><\/div><div class=\"w-image us_custom_9663455d has_height has_ratio align_none\"><div class=\"w-image-h\"><div style=\"padding-bottom:100%\"><\/div><img fetchpriority=\"high\" decoding=\"async\" width=\"794\" height=\"1123\" src=\"https:\/\/drmeryshoes.com\/wp-content\/uploads\/foto.jpg\" class=\"attachment-us_1536_1536 size-us_1536_1536\" alt=\"\" loading=\"eager\" \/><\/div><\/div><div class=\"w-hwrapper valign_top align_none\"><\/div><\/div><\/div><div class=\"wpb_column vc_column_container\"><div class=\"vc_column-inner\"><div class=\"wpb_text_column us_custom_edb423b1\"><div class=\"wpb_wrapper\"><\/p>\n<p>D\u00fcz tabanl\u0131k, i\u00e7 k\u0131s\u0131mdaki ayak kemerlerinin bask\u0131 uyguland\u0131\u011f\u0131nda d\u00fczle\u015fti\u011fi yayg\u0131n bir durumdur ve flatfoot olarak da bilinir.<br \/>\nD\u00fcz tabanl\u0131k genellikle a\u011fr\u0131s\u0131zd\u0131r<br \/>\nFactors that can increase the risk of flatfeet include:<br \/>\nObezite<br \/>\nAyak veya ayak bile\u011fi yaralanmas\u0131<br \/>\nRomatoid artrit<br \/>\nYa\u015flanma<br \/>\nDiabet<br \/>\n\u00fcm bebeklerin do\u011fu\u015ftan d\u00fcz taban\u0131 vard\u0131r. Kemerler genellikle 6 ya\u015f\u0131na kadar olu\u015fur. \u00c7ocuklar\u0131n yakla\u015f\u0131k 10\u2019da 2\u2019si yeti\u015fkinlikte h\u00e2l\u00e2 d\u00fcz tabanl\u0131d\u0131r.<br \/>\nD\u00fcz tabanl\u0131k t\u00fcrleri nelerdir?<br \/>\nD\u00fcz tabanl\u0131k, \u00e7ocukluktan sonra devam etse veya yeti\u015fkinlikte ortaya \u00e7\u0131ksa sorunlara yol a\u00e7abilir. D\u00fcz tabanl\u0131k t\u00fcrleri \u015funlard\u0131r:<br \/>\nEsnek: Esnek d\u00fcz tabanl\u0131k en yayg\u0131n olan t\u00fcrd\u00fcr. Ayakta durmad\u0131\u011f\u0131n\u0131zda ayaklarda kemerler g\u00f6r\u00fclebilir. Aya\u011fa bask\u0131 uyguland\u0131\u011f\u0131nda kemerler kaybolur.  Sert: Sert d\u00fcz tabanl\u0131\u011f\u0131 olan bir ki\u015fide ayakta dururken (bask\u0131 uyguland\u0131\u011f\u0131nda) veya otururken (bask\u0131 yokken) kemerler g\u00f6r\u00fclmez. Bu durum genellikle ergenlik d\u00f6neminde geli\u015fir ve ya\u015fla birlikte k\u00f6t\u00fcle\u015fir.  D\u00fcz tabanl\u0131k genetik olabilir. \u00c7ocuk b\u00fcy\u00fcd\u00fck\u00e7e ayak kemerleri olu\u015fur. Baz\u0131 ki\u015filerde y\u00fcksek kemerler olurken, baz\u0131lar\u0131nda \u00e7ok d\u00fc\u015f\u00fck veya neredeyse hi\u00e7 kemer yoktur; bu da d\u00fcz tabanl\u0131\u011fa yol a\u00e7ar.  Baz\u0131 ki\u015filer d\u00fcz tabanl\u0131\u011f\u0131 yeti\u015fkinlikte geli\u015ftirebilir. Bu durum bazen ailelerde g\u00f6r\u00fclebilir. Ayr\u0131ca belirli sorunlar, d\u00fcz tabanl\u0131k riskinizi art\u0131rabilir<\/p>\n<p>UZM.DR R\u0131fat TOP\u00c7UO\u011eLU<\/p>\n<p>\n<\/div><\/div><\/div><\/div><\/div><\/div><\/section><section class=\"l-section wpb_row height_custom\"><div class=\"l-section-h i-cf\"><div class=\"g-cols vc_row via_grid cols_1 laptops-cols_inherit tablets-cols_inherit mobiles-cols_1 valign_top type_default stacking_default\"><div class=\"wpb_column vc_column_container\"><div class=\"vc_column-inner\"><\/div><\/div><\/div><\/div><\/section><section class=\"l-section wpb_row height_custom\"><div class=\"l-section-h i-cf\"><div class=\"g-cols vc_row via_grid cols_1 laptops-cols_inherit tablets-cols_inherit mobiles-cols_1 valign_top type_default stacking_default\"><div class=\"wpb_column vc_column_container\"><div class=\"vc_column-inner\"><\/div><\/div><\/div><\/div><\/section><section class=\"l-section wpb_row height_custom\"><div class=\"l-section-h i-cf\"><div class=\"g-cols vc_row via_grid cols_1 laptops-cols_inherit tablets-cols_inherit mobiles-cols_1 valign_top type_default stacking_default\"><div class=\"wpb_column vc_column_container\"><div class=\"vc_column-inner\"><\/div><\/div><\/div><\/div><\/section><section class=\"l-section wpb_row height_custom\"><div class=\"l-section-h i-cf\"><div class=\"g-cols vc_row via_grid cols_1 laptops-cols_inherit tablets-cols_inherit mobiles-cols_1 valign_top type_default stacking_default\"><div class=\"wpb_column vc_column_container\"><div class=\"vc_column-inner\"><\/div><\/div><\/div><\/div><\/section><section class=\"l-section wpb_row height_custom\"><div class=\"l-section-h i-cf\"><div class=\"g-cols vc_row via_grid cols_1 laptops-cols_inherit tablets-cols_inherit mobiles-cols_1 valign_top type_default stacking_default\"><div class=\"wpb_column vc_column_container\"><div class=\"vc_column-inner\"><div class=\"w-image align_center\"><div class=\"w-image-h\"><img decoding=\"async\" width=\"957\" height=\"624\" src=\"https:\/\/drmeryshoes.com\/wp-content\/uploads\/flat-turkce.png\" class=\"attachment-us_1536_1536 size-us_1536_1536\" alt=\"\" loading=\"lazy\" srcset=\"https:\/\/drmeryshoes.com\/wp-content\/uploads\/flat-turkce.png 846w, https:\/\/drmeryshoes.com\/wp-content\/uploads\/flat-turkce-300x216.png 300w, https:\/\/drmeryshoes.com\/wp-content\/uploads\/flat-turkce-18x12.png 18w\" sizes=\"auto, (max-width: 957px) 100vw, 957px\" \/><\/div><\/div><\/div><\/div><\/div><\/div><\/section>","protected":false},"excerpt":{"rendered":"FLAT FEET Flatfeet is a common condition, also known as flatfoot, in which the arches on the inside of the feet flatten when pressure is put on them Flatfeet is usually painless. Factors that can increase the risk of flatfeet include: Obesity Injury to the foot or ankle Rheumatoid arthritis Aging Diabetes All babies have...","protected":false},"author":1,"featured_media":0,"parent":0,"menu_order":0,"comment_status":"closed","ping_status":"closed","template":"","meta":{"_themeisle_gutenberg_block_has_review":false,"footnotes":""},"class_list":["post-9489","page","type-page","status-publish","hentry"],"_links":{"self":[{"href":"https:\/\/drmeryshoes.com\/tr\/wp-json\/wp\/v2\/pages\/9489","targetHints":{"allow":["GET"]}}],"collection":[{"href":"https:\/\/drmeryshoes.com\/tr\/wp-json\/wp\/v2\/pages"}],"about":[{"href":"https:\/\/drmeryshoes.com\/tr\/wp-json\/wp\/v2\/types\/page"}],"author":[{"embeddable":true,"href":"https:\/\/drmeryshoes.com\/tr\/wp-json\/wp\/v2\/users\/1"}],"replies":[{"embeddable":true,"href":"https:\/\/drmeryshoes.com\/tr\/wp-json\/wp\/v2\/comments?post=9489"}],"version-history":[{"count":4,"href":"https:\/\/drmeryshoes.com\/tr\/wp-json\/wp\/v2\/pages\/9489\/revisions"}],"predecessor-version":[{"id":9623,"href":"https:\/\/drmeryshoes.com\/tr\/wp-json\/wp\/v2\/pages\/9489\/revisions\/9623"}],"wp:attachment":[{"href":"https:\/\/drmeryshoes.com\/tr\/wp-json\/wp\/v2\/media?parent=9489"}],"curies":[{"name":"wp","href":"https:\/\/api.w.org\/{rel}","templated":true}]}}