{"id":9480,"date":"2026-01-28T11:41:31","date_gmt":"2026-01-28T08:41:31","guid":{"rendered":"https:\/\/drmeryshoes.com\/?page_id=9480"},"modified":"2026-01-28T13:32:12","modified_gmt":"2026-01-28T10:32:12","slug":"hell-spur","status":"publish","type":"page","link":"https:\/\/drmeryshoes.com\/tr\/hell-spur\/","title":{"rendered":"TOPUK D\u0130KEN\u0130"},"content":{"rendered":"<section class=\"l-section wpb_row us_custom_a891cc00 height_small width_full\"><div class=\"l-section-h i-cf\"><div class=\"g-cols vc_row via_grid cols_2 laptops-cols_inherit tablets-cols_inherit mobiles-cols_1 valign_middle type_default reversed\"><div class=\"wpb_column vc_column_container\"><div class=\"vc_column-inner\"><div class=\"wpb_text_column\"><div class=\"wpb_wrapper\"><\/p>\n<h1 style=\"text-align: center;\">TOPUK D\u0130KEN\u0130<\/h1>\n<p>\n<\/div><\/div><div class=\"w-image us_custom_4275b21b has_ratio align_none\"><div class=\"w-image-h\"><div style=\"padding-bottom:66.6667%\"><\/div><img fetchpriority=\"high\" decoding=\"async\" width=\"768\" height=\"402\" src=\"https:\/\/drmeryshoes.com\/wp-content\/uploads\/heel-spur.jpg\" class=\"attachment-full size-full\" alt=\"\" loading=\"eager\" \/><\/div><\/div><\/div><\/div><div class=\"wpb_column vc_column_container\"><div class=\"vc_column-inner\"><div class=\"wpb_text_column us_custom_1aa58881\"><div class=\"wpb_wrapper\"><\/p>\n<p>opuk dikeni, topuk kemi\u011fi ile taban kemi\u011finin kemer k\u0131sm\u0131 aras\u0131nda bulunan kemiksi bir kalsiyum birikimidir. Genellikle yakla\u015f\u0131k 0,5 cm uzunlu\u011funda olan bu yap\u0131 \u00e7ok k\u00fc\u00e7\u00fckt\u00fcr ve bu nedenle d\u0131\u015far\u0131dan g\u00f6r\u00fclemez.<\/p>\n<p>Topuk dikeni belirtileri, sabah yataktan kalkt\u0131\u011f\u0131n\u0131z anda ortaya \u00e7\u0131kabilir veya uzun s\u00fcre ayakta duran ki\u015filerde geli\u015febilir. Bu gibi durumlarda dinlenmek, a\u011fr\u0131y\u0131 yava\u015f yava\u015f azaltabilir.<\/p>\n<p>Topuk Dikeninin Nedenleri:<\/p>\n<ul>\n<li>Destekleyici olmayan ayakkab\u0131larla z\u0131plamak ve ko\u015fmak<\/li>\n<li>\u00c7ok sert zeminlerde y\u00fcr\u00fcmek<\/li>\n<li>Ayaktaki kaslar ve ba\u011f dokular\u0131nda meydana gelen travma veya yaralanmalar<\/li>\n<li>Artrit veya fazla kiloya ba\u011fl\u0131 a\u011fr\u0131<\/li>\n<li>Rahats\u0131z ve anatomik olmayan ayakkab\u0131lar giymek<\/li>\n<li>Uzun s\u00fcre parmak aras\u0131 terlik (\u00f6zellikle parmak aras\u0131 kay\u0131\u015fl\u0131) giymek<\/li>\n<li>\u00c7arpmalar veya sert darbeler nedeniyle topuk b\u00f6lgesinde travma<\/li>\n<li>Omurga ve bel b\u00f6lgesindeki romatizmal \u015fikayetler ile ya\u015flanma<\/li>\n<\/ul>\n<p>Topuk Dikeni \u0130\u00e7in \u00d6neriler:<\/p>\n<ul>\n<li>Rahat ve iyi oturan ayakkab\u0131lar: Bu t\u00fcr ayakkab\u0131lar, topuk dikenine binen bas\u0131nc\u0131 azaltmaya yard\u0131mc\u0131 olabilir.<\/li>\n<li>Sabit topuk deste\u011fi: Ayakkab\u0131n\u0131n arka k\u0131sm\u0131 (topuk deste\u011fi) sa\u011flam olmal\u0131, topu\u011fu desteklemeli ve aya\u011f\u0131n i\u00e7e veya d\u0131\u015fa d\u00f6nmesini \u00f6nlemelidir<\/li>\n<li>Biraz y\u00fckseltilmi\u015f topuk: Hafif topuklu tabanl\u0131k veya topu\u011fu biraz y\u00fckseltilmi\u015f ayakkab\u0131 (4 cm\u2019den y\u00fcksek olmamal\u0131), a\u011fr\u0131l\u0131 topu\u011fa binen bas\u0131nc\u0131 hafifletmeye yard\u0131mc\u0131 olabilir.<\/li>\n<\/ul>\n<p>Ayr\u0131ca, aya\u011f\u0131n d\u00f6nmesini \u00f6nlemeye ve ekstra topuk deste\u011fi sa\u011flamaya yard\u0131mc\u0131 olan \u00f6zel anatomik tabanl\u0131klar da kullanabilirsiniz. Bu tabanl\u0131klar\u0131 Dr. Mery\u2019den temin edebilirsiniz.<\/p>\n<p>UZM.DR.R\u0131fat TO\u011e\u00c7UO\u011eLU<\/p>\n<p>\n<\/div><\/div><\/div><\/div><\/div><\/div><\/section><section class=\"l-section wpb_row height_custom\"><div class=\"l-section-h i-cf\"><div class=\"g-cols vc_row via_grid cols_1 laptops-cols_inherit tablets-cols_inherit mobiles-cols_1 valign_top type_default stacking_default\"><div class=\"wpb_column vc_column_container hr-class\"><div class=\"vc_column-inner\"><div class=\"w-image align_center\"><div class=\"w-image-h\"><img decoding=\"async\" width=\"705\" height=\"720\" src=\"https:\/\/drmeryshoes.com\/wp-content\/uploads\/topuk_dikeni_t_rk_e.jpg\" class=\"attachment-us_1536_1536 size-us_1536_1536\" alt=\"\" loading=\"lazy\" srcset=\"https:\/\/drmeryshoes.com\/wp-content\/uploads\/topuk_dikeni_t_rk_e.jpg 697w, https:\/\/drmeryshoes.com\/wp-content\/uploads\/topuk_dikeni_t_rk_e-300x281.jpg 300w, https:\/\/drmeryshoes.com\/wp-content\/uploads\/topuk_dikeni_t_rk_e-13x12.jpg 13w\" sizes=\"auto, (max-width: 705px) 100vw, 705px\" \/><\/div><\/div><\/div><\/div><\/div><\/div><\/section><section class=\"l-section wpb_row height_custom\"><div class=\"l-section-h i-cf\"><div class=\"g-cols vc_row via_grid cols_1 laptops-cols_inherit tablets-cols_inherit mobiles-cols_1 valign_top type_default stacking_default\"><div class=\"wpb_column vc_column_container hr-class\"><div class=\"vc_column-inner\"><div class=\"w-image align_none\"><div class=\"w-image-h\"><img decoding=\"async\" width=\"1477\" height=\"1536\" src=\"https:\/\/drmeryshoes.com\/wp-content\/uploads\/Slayt1-10-1477x1536.jpg\" class=\"attachment-us_1536_1536 size-us_1536_1536\" alt=\"\" loading=\"lazy\" srcset=\"https:\/\/drmeryshoes.com\/wp-content\/uploads\/Slayt1-10-1477x1536.jpg 1477w, https:\/\/drmeryshoes.com\/wp-content\/uploads\/Slayt1-10-289x300.jpg 289w, https:\/\/drmeryshoes.com\/wp-content\/uploads\/Slayt1-10-985x1024.jpg 985w, https:\/\/drmeryshoes.com\/wp-content\/uploads\/Slayt1-10-12x12.jpg 12w\" sizes=\"auto, (max-width: 1477px) 100vw, 1477px\" \/><\/div><\/div><\/div><\/div><\/div><\/div><\/section><section class=\"l-section wpb_row height_custom\"><div class=\"l-section-h i-cf\"><div class=\"g-cols vc_row via_grid cols_1 laptops-cols_inherit tablets-cols_inherit mobiles-cols_1 valign_top type_default stacking_default\"><div class=\"wpb_column vc_column_container hr-class\"><div class=\"vc_column-inner\"><div class=\"w-image align_none\"><div class=\"w-image-h\"><img decoding=\"async\" width=\"1477\" height=\"1536\" src=\"https:\/\/drmeryshoes.com\/wp-content\/uploads\/Slayt2-6-1-1477x1536.jpg\" class=\"attachment-us_1536_1536 size-us_1536_1536\" alt=\"\" loading=\"lazy\" srcset=\"https:\/\/drmeryshoes.com\/wp-content\/uploads\/Slayt2-6-1-1477x1536.jpg 1477w, https:\/\/drmeryshoes.com\/wp-content\/uploads\/Slayt2-6-1-289x300.jpg 289w, https:\/\/drmeryshoes.com\/wp-content\/uploads\/Slayt2-6-1-985x1024.jpg 985w, https:\/\/drmeryshoes.com\/wp-content\/uploads\/Slayt2-6-1-12x12.jpg 12w\" sizes=\"auto, (max-width: 1477px) 100vw, 1477px\" \/><\/div><\/div><\/div><\/div><\/div><\/div><\/section><section class=\"l-section wpb_row height_custom\"><div class=\"l-section-h i-cf\"><div class=\"g-cols vc_row via_grid cols_1 laptops-cols_inherit tablets-cols_inherit mobiles-cols_1 valign_top type_default stacking_default\"><div class=\"wpb_column vc_column_container hr-class\"><div class=\"vc_column-inner\"><div class=\"w-image align_none\"><div class=\"w-image-h\"><img decoding=\"async\" width=\"1472\" height=\"1536\" src=\"https:\/\/drmeryshoes.com\/wp-content\/uploads\/Slayt3-5-1-1472x1536.jpg\" class=\"attachment-us_1536_1536 size-us_1536_1536\" alt=\"\" loading=\"lazy\" srcset=\"https:\/\/drmeryshoes.com\/wp-content\/uploads\/Slayt3-5-1-1472x1536.jpg 1472w, https:\/\/drmeryshoes.com\/wp-content\/uploads\/Slayt3-5-1-288x300.jpg 288w, https:\/\/drmeryshoes.com\/wp-content\/uploads\/Slayt3-5-1-981x1024.jpg 981w, https:\/\/drmeryshoes.com\/wp-content\/uploads\/Slayt3-5-1-12x12.jpg 12w\" sizes=\"auto, (max-width: 1472px) 100vw, 1472px\" \/><\/div><\/div><\/div><\/div><\/div><\/div><\/section><section class=\"l-section wpb_row height_custom\"><div class=\"l-section-h i-cf\"><div class=\"g-cols vc_row via_grid cols_1 laptops-cols_inherit tablets-cols_inherit mobiles-cols_1 valign_top type_default stacking_default\"><div class=\"wpb_column vc_column_container hr-class\"><div class=\"vc_column-inner\"><div class=\"w-image align_none\"><div class=\"w-image-h\"><img decoding=\"async\" width=\"1482\" height=\"1536\" src=\"https:\/\/drmeryshoes.com\/wp-content\/uploads\/Slayt4-2-1-1482x1536.jpg\" class=\"attachment-us_1536_1536 size-us_1536_1536\" alt=\"\" loading=\"lazy\" srcset=\"https:\/\/drmeryshoes.com\/wp-content\/uploads\/Slayt4-2-1-1482x1536.jpg 1482w, https:\/\/drmeryshoes.com\/wp-content\/uploads\/Slayt4-2-1-289x300.jpg 289w, https:\/\/drmeryshoes.com\/wp-content\/uploads\/Slayt4-2-1-988x1024.jpg 988w, https:\/\/drmeryshoes.com\/wp-content\/uploads\/Slayt4-2-1-12x12.jpg 12w\" sizes=\"auto, (max-width: 1482px) 100vw, 1482px\" \/><\/div><\/div><\/div><\/div><\/div><\/div><\/section><section class=\"l-section wpb_row height_custom\"><div class=\"l-section-h i-cf\"><div class=\"g-cols vc_row via_grid cols_1 laptops-cols_inherit tablets-cols_inherit mobiles-cols_1 valign_top type_default stacking_default\"><div class=\"wpb_column vc_column_container hr-class\"><div class=\"vc_column-inner\"><div class=\"w-image align_none\"><div class=\"w-image-h\"><img decoding=\"async\" width=\"1477\" height=\"1536\" src=\"https:\/\/drmeryshoes.com\/wp-content\/uploads\/Slayt5-1-1-1477x1536.jpg\" class=\"attachment-us_1536_1536 size-us_1536_1536\" alt=\"\" loading=\"lazy\" srcset=\"https:\/\/drmeryshoes.com\/wp-content\/uploads\/Slayt5-1-1-1477x1536.jpg 1477w, https:\/\/drmeryshoes.com\/wp-content\/uploads\/Slayt5-1-1-289x300.jpg 289w, https:\/\/drmeryshoes.com\/wp-content\/uploads\/Slayt5-1-1-985x1024.jpg 985w, https:\/\/drmeryshoes.com\/wp-content\/uploads\/Slayt5-1-1-12x12.jpg 12w\" sizes=\"auto, (max-width: 1477px) 100vw, 1477px\" \/><\/div><\/div><\/div><\/div><\/div><\/div><\/section>","protected":false},"excerpt":{"rendered":"HELL SPUR A heel spur is a bone-like calcium deposit located between the heel bone and the arch of the sole. Typically around 0.5 cm in length, it is very small and therefore cannot be seen from the outside. Heel spur symptoms can appear as soon as you get out of bed in the morning...","protected":false},"author":1,"featured_media":0,"parent":0,"menu_order":0,"comment_status":"closed","ping_status":"closed","template":"","meta":{"_themeisle_gutenberg_block_has_review":false,"footnotes":""},"class_list":["post-9480","page","type-page","status-publish","hentry"],"_links":{"self":[{"href":"https:\/\/drmeryshoes.com\/tr\/wp-json\/wp\/v2\/pages\/9480","targetHints":{"allow":["GET"]}}],"collection":[{"href":"https:\/\/drmeryshoes.com\/tr\/wp-json\/wp\/v2\/pages"}],"about":[{"href":"https:\/\/drmeryshoes.com\/tr\/wp-json\/wp\/v2\/types\/page"}],"author":[{"embeddable":true,"href":"https:\/\/drmeryshoes.com\/tr\/wp-json\/wp\/v2\/users\/1"}],"replies":[{"embeddable":true,"href":"https:\/\/drmeryshoes.com\/tr\/wp-json\/wp\/v2\/comments?post=9480"}],"version-history":[{"count":3,"href":"https:\/\/drmeryshoes.com\/tr\/wp-json\/wp\/v2\/pages\/9480\/revisions"}],"predecessor-version":[{"id":9564,"href":"https:\/\/drmeryshoes.com\/tr\/wp-json\/wp\/v2\/pages\/9480\/revisions\/9564"}],"wp:attachment":[{"href":"https:\/\/drmeryshoes.com\/tr\/wp-json\/wp\/v2\/media?parent=9480"}],"curies":[{"name":"wp","href":"https:\/\/api.w.org\/{rel}","templated":true}]}}