{"id":9453,"date":"2026-01-28T11:21:27","date_gmt":"2026-01-28T08:21:27","guid":{"rendered":"https:\/\/drmeryshoes.com\/?page_id=9453"},"modified":"2026-03-03T15:39:25","modified_gmt":"2026-03-03T12:39:25","slug":"diabetic","status":"publish","type":"page","link":"https:\/\/drmeryshoes.com\/tr\/diabetic\/","title":{"rendered":"D\u0130YABET"},"content":{"rendered":"<section class=\"l-section wpb_row us_custom_a891cc00 height_small width_full\"><div class=\"l-section-h i-cf\"><div class=\"g-cols vc_row via_grid cols_2 laptops-cols_inherit tablets-cols_inherit mobiles-cols_1 valign_middle type_default reversed\"><div class=\"wpb_column vc_column_container\"><div class=\"vc_column-inner\"><div class=\"wpb_text_column\"><div class=\"wpb_wrapper\"><\/p>\n<h1 style=\"text-align: center;\">D\u0130YABET<\/h1>\n<p>\n<\/div><\/div><div class=\"w-image us_custom_4275b21b has_ratio align_left\"><div class=\"w-image-h\"><div style=\"padding-bottom:100%\"><\/div><img fetchpriority=\"high\" decoding=\"async\" width=\"742\" height=\"703\" src=\"https:\/\/drmeryshoes.com\/wp-content\/uploads\/DIABETES.png\" class=\"attachment-full size-full\" alt=\"\" loading=\"eager\" \/><\/div><\/div><\/div><\/div><div class=\"wpb_column vc_column_container\"><div class=\"vc_column-inner\"><div class=\"wpb_text_column\"><div class=\"wpb_wrapper\"><\/p>\n<p><strong>Diyabet Nedir?\n\nDiyabet, v\u00fccudun ins\u00fclin hormonunu \u00fcretme ya da kullanma yetene\u011finin bozuldu\u011fu kronik bir hastal\u0131kt\u0131r.<\/strong> \u0130ns\u00fclin, kan \u015fekerini d\u00fczenleyen bir hormondur. Diyabet, v\u00fccudun glikozu (\u015feker) enerji olarak kullanmas\u0131n\u0131 zorla\u015ft\u0131r\u0131r ve kan \u015fekeri seviyelerinin kontrols\u00fcz \u015fekilde y\u00fckselmesine neden olur. Diyabetin \u00fc\u00e7 ana t\u00fcr\u00fc vard\u0131r: Tip 1 diyabet, Tip 2 diyabet ve gebelik diyabeti.<\/p>\n<p>Diyabetin y\u00f6netimi; kalp hastal\u0131klar\u0131, b\u00f6brek yetmezli\u011fi ve sinir hasar\u0131 gibi ciddi komplikasyonlar\u0131n \u00f6nlenmesi a\u00e7\u0131s\u0131ndan b\u00fcy\u00fck \u00f6nem ta\u015f\u0131r.<\/p>\n<p><strong>Diyabetin Ayak Sa\u011fl\u0131\u011f\u0131 \u00dczerindeki Etkileri Olduk\u00e7a Ciddidir.<\/strong> Y\u00fcksek kan \u015fekeri seviyeleri zamanla sinir hasar\u0131na (diyabetik n\u00f6ropati) ve dola\u015f\u0131m bozukluklar\u0131na yol a\u00e7arak ayak sa\u011fl\u0131\u011f\u0131n\u0131 riske atabilir. Bu durumlar, yaralanmalar\u0131n ve enfeksiyonlar\u0131n daha kolay olu\u015fmas\u0131na ve daha ge\u00e7 iyile\u015fmesine neden olabilir.<\/p>\n<p><strong>Ayak Sa\u011fl\u0131\u011f\u0131n\u0131 Korumak \u0130\u00e7in \u00d6neriler:<\/strong><\/p>\n<ul>\n<li>Olas\u0131 yaralanmalar\u0131 erken fark edebilmek i\u00e7in ayaklar\u0131n\u0131z\u0131 her g\u00fcn kontrol edin,<\/li>\n<li>Ayaklar\u0131 s\u0131cak suda bekletmekten ka\u00e7\u0131n\u0131n ve yan\u0131klara kar\u015f\u0131 dikkatli olun,<\/li>\n<li>Ayaklar\u0131n\u0131z\u0131 temiz ve nemli tutun, ancak nem birikimini \u00f6nlemek i\u00e7in iyice kurulay\u0131n,<\/li>\n<li>Dar ve s\u0131k\u0131 ayakkab\u0131lar yerine rahat ve koruyucu ayakkab\u0131lar tercih edin,<\/li>\n<li>Kan \u015fekeri seviyelerinizi kontrol alt\u0131nda tutun.<\/li>\n<\/ul>\n<p><strong>Diyabetik ayakkab\u0131lar, diyabet hastalar\u0131n\u0131n ayak sa\u011fl\u0131\u011f\u0131n\u0131 korumak amac\u0131yla \u00f6zel olarak tasarlanm\u0131\u015ft\u0131r.<\/strong> Bu ayakkab\u0131lar\u0131n temel amac\u0131; yaralar, s\u00fcrt\u00fcnme ve bas\u0131nca ba\u011fl\u0131 cilt hasarlar\u0131ndan ayaklar\u0131 koruyarak diyabete ba\u011fl\u0131 komplikasyon riskini azaltmakt\u0131r. Diyabetik ayakkab\u0131lar\u0131n ba\u015fl\u0131ca \u00f6zellikleri \u015funlard\u0131r:<\/p>\n<ol>\n<li>Geni\u015f ve Derin Tasar\u0131m:<\/li>\n<li>Diki\u015fsiz \u0130\u00e7 Y\u00fczey:<\/li>\n<li>Ekstra Destek ve Yast\u0131klama:<\/li>\n<li>Yumu\u015fak ve Nefes Alabilen Malzemeler:<\/li>\n<li>\u00c7\u0131kar\u0131labilir Tabanl\u0131k:<\/li>\n<li>Darbe Emici Taban:<\/li>\n<li>Kaymaz Taban:<\/li>\n<\/ol>\n<p><strong>Diyabetik Ayakkab\u0131lar\u0131n \u00d6nemi:<\/strong> Diyabetik ayakkab\u0131lar, \u00f6zellikle n\u00f6ropati veya dola\u015f\u0131m problemleri olan diyabet hastalar\u0131 i\u00e7in \u00f6nemli d\u00fczeyde koruma sa\u011flar. Uygun diyabetik ayakkab\u0131 se\u00e7imi, ayak sa\u011fl\u0131\u011f\u0131n\u0131n korunmas\u0131na yard\u0131mc\u0131 olur ve yara ile enfeksiyon riskini b\u00fcy\u00fck \u00f6l\u00e7\u00fcde azalt\u0131r.<\/p>\n<p>\u00a0UZM.DR R\u0131fat TOP\u00c7UO\u011eLU<\/p>\n<p>\n<\/div><\/div><\/div><\/div><\/div><\/div><\/section><section class=\"l-section wpb_row height_custom\"><div class=\"l-section-h i-cf\"><div class=\"g-cols vc_row via_grid cols_1 laptops-cols_inherit tablets-cols_inherit mobiles-cols_1 valign_top type_default stacking_default\"><div class=\"wpb_column vc_column_container hr-class\" id=\"hr-class\"><div class=\"vc_column-inner\"><\/div><\/div><\/div><\/div><\/section><section class=\"l-section wpb_row height_custom\"><div class=\"l-section-h i-cf\"><div class=\"g-cols vc_row via_grid cols_1 laptops-cols_inherit tablets-cols_inherit mobiles-cols_1 valign_top type_default stacking_default\"><div class=\"wpb_column vc_column_container\"><div class=\"vc_column-inner\"><\/div><\/div><div class=\"wpb_column vc_column_container\"><div class=\"vc_column-inner\"><\/div><\/div><\/div><\/div><\/section><section class=\"l-section wpb_row height_custom\"><div class=\"l-section-h i-cf\"><div class=\"g-cols vc_row via_grid cols_1 laptops-cols_inherit tablets-cols_inherit mobiles-cols_1 valign_top type_default stacking_default\"><div class=\"wpb_column vc_column_container hr-class\"><div class=\"vc_column-inner\"><div class=\"w-image align_center\"><div class=\"w-image-h\"><img decoding=\"async\" width=\"952\" height=\"665\" src=\"https:\/\/drmeryshoes.com\/wp-content\/uploads\/t_rk_e_diabet-1.png\" class=\"attachment-us_1536_1536 size-us_1536_1536\" alt=\"\" loading=\"lazy\" srcset=\"https:\/\/drmeryshoes.com\/wp-content\/uploads\/t_rk_e_diabet-1.png 1536w, https:\/\/drmeryshoes.com\/wp-content\/uploads\/t_rk_e_diabet-1-300x200.png 300w, https:\/\/drmeryshoes.com\/wp-content\/uploads\/t_rk_e_diabet-1-1024x683.png 1024w, https:\/\/drmeryshoes.com\/wp-content\/uploads\/t_rk_e_diabet-1-18x12.png 18w\" sizes=\"auto, (max-width: 952px) 100vw, 952px\" \/><\/div><\/div><div class=\"w-image align_center\"><div class=\"w-image-h\"><img decoding=\"async\" width=\"1152\" height=\"1536\" src=\"https:\/\/drmeryshoes.com\/wp-content\/uploads\/Slayt1-2-1-1152x1536.jpg\" class=\"attachment-us_1536_1536 size-us_1536_1536\" alt=\"\" loading=\"lazy\" srcset=\"https:\/\/drmeryshoes.com\/wp-content\/uploads\/Slayt1-2-1-1152x1536.jpg 1152w, https:\/\/drmeryshoes.com\/wp-content\/uploads\/Slayt1-2-1-225x300.jpg 225w, https:\/\/drmeryshoes.com\/wp-content\/uploads\/Slayt1-2-1-768x1024.jpg 768w, https:\/\/drmeryshoes.com\/wp-content\/uploads\/Slayt1-2-1-9x12.jpg 9w, https:\/\/drmeryshoes.com\/wp-content\/uploads\/Slayt1-2-1-scaled.jpg 1920w\" sizes=\"auto, (max-width: 1152px) 100vw, 1152px\" \/><\/div><\/div><\/div><\/div><\/div><\/div><\/section><section class=\"l-section wpb_row height_custom\"><div class=\"l-section-h i-cf\"><div class=\"g-cols vc_row via_grid cols_1 laptops-cols_inherit tablets-cols_inherit mobiles-cols_1 valign_top type_default stacking_default\"><div class=\"wpb_column vc_column_container hr-class\"><div class=\"vc_column-inner\"><div class=\"w-image align_center\"><div class=\"w-image-h\"><img decoding=\"async\" width=\"1152\" height=\"1536\" src=\"https:\/\/drmeryshoes.com\/wp-content\/uploads\/Slayt2-1-1-1152x1536.jpg\" class=\"attachment-us_1536_1536 size-us_1536_1536\" alt=\"\" loading=\"lazy\" srcset=\"https:\/\/drmeryshoes.com\/wp-content\/uploads\/Slayt2-1-1-1152x1536.jpg 1152w, https:\/\/drmeryshoes.com\/wp-content\/uploads\/Slayt2-1-1-225x300.jpg 225w, https:\/\/drmeryshoes.com\/wp-content\/uploads\/Slayt2-1-1-768x1024.jpg 768w, https:\/\/drmeryshoes.com\/wp-content\/uploads\/Slayt2-1-1-9x12.jpg 9w, https:\/\/drmeryshoes.com\/wp-content\/uploads\/Slayt2-1-1-scaled.jpg 1920w\" sizes=\"auto, (max-width: 1152px) 100vw, 1152px\" \/><\/div><\/div><\/div><\/div><\/div><\/div><\/section><section class=\"l-section wpb_row height_custom\"><div class=\"l-section-h i-cf\"><div class=\"g-cols vc_row via_grid cols_1 laptops-cols_inherit tablets-cols_inherit mobiles-cols_1 valign_top type_default stacking_default\"><div class=\"wpb_column vc_column_container hr-class\"><div class=\"vc_column-inner\"><div class=\"w-image align_center\"><div class=\"w-image-h\"><img decoding=\"async\" width=\"1152\" height=\"1536\" src=\"https:\/\/drmeryshoes.com\/wp-content\/uploads\/Slayt3-9-1152x1536.jpg\" class=\"attachment-us_1536_1536 size-us_1536_1536\" alt=\"\" loading=\"lazy\" srcset=\"https:\/\/drmeryshoes.com\/wp-content\/uploads\/Slayt3-9-1152x1536.jpg 1152w, https:\/\/drmeryshoes.com\/wp-content\/uploads\/Slayt3-9-225x300.jpg 225w, https:\/\/drmeryshoes.com\/wp-content\/uploads\/Slayt3-9-768x1024.jpg 768w, https:\/\/drmeryshoes.com\/wp-content\/uploads\/Slayt3-9-9x12.jpg 9w, https:\/\/drmeryshoes.com\/wp-content\/uploads\/Slayt3-9-scaled.jpg 1920w\" sizes=\"auto, (max-width: 1152px) 100vw, 1152px\" \/><\/div><\/div><\/div><\/div><\/div><\/div><\/section><section class=\"l-section wpb_row height_custom\"><div class=\"l-section-h i-cf\"><div class=\"g-cols vc_row via_grid cols_1 laptops-cols_inherit tablets-cols_inherit mobiles-cols_1 valign_top type_default stacking_default\"><div class=\"wpb_column vc_column_container hr-class\"><div class=\"vc_column-inner\"><div class=\"w-image align_center\"><div class=\"w-image-h\"><img decoding=\"async\" width=\"1152\" height=\"1536\" src=\"https:\/\/drmeryshoes.com\/wp-content\/uploads\/Slayt4-5-1152x1536.jpg\" class=\"attachment-us_1536_1536 size-us_1536_1536\" alt=\"\" loading=\"lazy\" srcset=\"https:\/\/drmeryshoes.com\/wp-content\/uploads\/Slayt4-5-1152x1536.jpg 1152w, https:\/\/drmeryshoes.com\/wp-content\/uploads\/Slayt4-5-225x300.jpg 225w, https:\/\/drmeryshoes.com\/wp-content\/uploads\/Slayt4-5-768x1024.jpg 768w, https:\/\/drmeryshoes.com\/wp-content\/uploads\/Slayt4-5-9x12.jpg 9w, https:\/\/drmeryshoes.com\/wp-content\/uploads\/Slayt4-5-scaled.jpg 1920w\" sizes=\"auto, (max-width: 1152px) 100vw, 1152px\" \/><\/div><\/div><\/div><\/div><\/div><\/div><\/section><section class=\"l-section wpb_row height_custom\"><div class=\"l-section-h i-cf\"><div class=\"g-cols vc_row via_grid cols_1 laptops-cols_inherit tablets-cols_inherit mobiles-cols_1 valign_top type_default stacking_default\"><div class=\"wpb_column vc_column_container hr-class\"><div class=\"vc_column-inner\"><div class=\"w-image align_center\"><div class=\"w-image-h\"><img decoding=\"async\" width=\"1152\" height=\"1536\" src=\"https:\/\/drmeryshoes.com\/wp-content\/uploads\/Slayt5-5-1152x1536.jpg\" class=\"attachment-us_1536_1536 size-us_1536_1536\" alt=\"\" loading=\"lazy\" srcset=\"https:\/\/drmeryshoes.com\/wp-content\/uploads\/Slayt5-5-1152x1536.jpg 1152w, https:\/\/drmeryshoes.com\/wp-content\/uploads\/Slayt5-5-225x300.jpg 225w, https:\/\/drmeryshoes.com\/wp-content\/uploads\/Slayt5-5-768x1024.jpg 768w, https:\/\/drmeryshoes.com\/wp-content\/uploads\/Slayt5-5-9x12.jpg 9w, https:\/\/drmeryshoes.com\/wp-content\/uploads\/Slayt5-5-scaled.jpg 1920w\" sizes=\"auto, (max-width: 1152px) 100vw, 1152px\" \/><\/div><\/div><\/div><\/div><\/div><\/div><\/section><section class=\"l-section wpb_row height_custom\"><div class=\"l-section-h i-cf\"><div class=\"g-cols vc_row via_grid cols_1 laptops-cols_inherit tablets-cols_inherit mobiles-cols_1 valign_top type_default stacking_default\"><div class=\"wpb_column vc_column_container hr-class\"><div class=\"vc_column-inner\"><div class=\"w-image align_center\"><div class=\"w-image-h\"><img decoding=\"async\" width=\"1152\" height=\"1536\" src=\"https:\/\/drmeryshoes.com\/wp-content\/uploads\/Slayt6-3-1152x1536.jpg\" class=\"attachment-us_1536_1536 size-us_1536_1536\" alt=\"\" loading=\"lazy\" srcset=\"https:\/\/drmeryshoes.com\/wp-content\/uploads\/Slayt6-3-1152x1536.jpg 1152w, https:\/\/drmeryshoes.com\/wp-content\/uploads\/Slayt6-3-225x300.jpg 225w, https:\/\/drmeryshoes.com\/wp-content\/uploads\/Slayt6-3-768x1024.jpg 768w, https:\/\/drmeryshoes.com\/wp-content\/uploads\/Slayt6-3-9x12.jpg 9w, https:\/\/drmeryshoes.com\/wp-content\/uploads\/Slayt6-3-scaled.jpg 1920w\" sizes=\"auto, (max-width: 1152px) 100vw, 1152px\" \/><\/div><\/div><\/div><\/div><\/div><\/div><\/section><section class=\"l-section wpb_row height_custom\"><div class=\"l-section-h i-cf\"><div class=\"g-cols vc_row via_grid cols_1 laptops-cols_inherit tablets-cols_inherit mobiles-cols_1 valign_top type_default stacking_default\"><div class=\"wpb_column vc_column_container hr-class\"><div class=\"vc_column-inner\"><div class=\"w-image align_center\"><div class=\"w-image-h\"><img decoding=\"async\" width=\"1152\" height=\"1536\" src=\"https:\/\/drmeryshoes.com\/wp-content\/uploads\/Slayt7-3-1152x1536.jpg\" class=\"attachment-us_1536_1536 size-us_1536_1536\" alt=\"\" loading=\"lazy\" srcset=\"https:\/\/drmeryshoes.com\/wp-content\/uploads\/Slayt7-3-1152x1536.jpg 1152w, https:\/\/drmeryshoes.com\/wp-content\/uploads\/Slayt7-3-225x300.jpg 225w, https:\/\/drmeryshoes.com\/wp-content\/uploads\/Slayt7-3-768x1024.jpg 768w, https:\/\/drmeryshoes.com\/wp-content\/uploads\/Slayt7-3-9x12.jpg 9w, https:\/\/drmeryshoes.com\/wp-content\/uploads\/Slayt7-3-scaled.jpg 1920w\" sizes=\"auto, (max-width: 1152px) 100vw, 1152px\" \/><\/div><\/div><\/div><\/div><\/div><\/div><\/section><section class=\"l-section wpb_row height_custom\"><div class=\"l-section-h i-cf\"><div class=\"g-cols vc_row via_grid cols_1 laptops-cols_inherit tablets-cols_inherit mobiles-cols_1 valign_top type_default stacking_default\"><div class=\"wpb_column vc_column_container hr-class\"><div class=\"vc_column-inner\"><div class=\"w-image align_center\"><div class=\"w-image-h\"><img decoding=\"async\" width=\"1381\" height=\"1536\" src=\"https:\/\/drmeryshoes.com\/wp-content\/uploads\/Slayt1-12-1381x1536.jpg\" class=\"attachment-us_1536_1536 size-us_1536_1536\" alt=\"\" loading=\"lazy\" srcset=\"https:\/\/drmeryshoes.com\/wp-content\/uploads\/Slayt1-12-1381x1536.jpg 1381w, https:\/\/drmeryshoes.com\/wp-content\/uploads\/Slayt1-12-270x300.jpg 270w, https:\/\/drmeryshoes.com\/wp-content\/uploads\/Slayt1-12-921x1024.jpg 921w, https:\/\/drmeryshoes.com\/wp-content\/uploads\/Slayt1-12-11x12.jpg 11w\" sizes=\"auto, (max-width: 1381px) 100vw, 1381px\" \/><\/div><\/div><\/div><\/div><\/div><\/div><\/section><section class=\"l-section wpb_row height_custom\"><div class=\"l-section-h i-cf\"><div class=\"g-cols vc_row via_grid cols_1 laptops-cols_inherit tablets-cols_inherit mobiles-cols_1 valign_top type_default stacking_default\"><div class=\"wpb_column vc_column_container hr-class\"><div class=\"vc_column-inner\"><div class=\"w-image align_center\"><div class=\"w-image-h\"><img decoding=\"async\" width=\"1404\" height=\"1536\" src=\"https:\/\/drmeryshoes.com\/wp-content\/uploads\/Slayt2-10-1404x1536.jpg\" class=\"attachment-us_1536_1536 size-us_1536_1536\" alt=\"\" loading=\"lazy\" srcset=\"https:\/\/drmeryshoes.com\/wp-content\/uploads\/Slayt2-10-1404x1536.jpg 1404w, https:\/\/drmeryshoes.com\/wp-content\/uploads\/Slayt2-10-274x300.jpg 274w, https:\/\/drmeryshoes.com\/wp-content\/uploads\/Slayt2-10-936x1024.jpg 936w, https:\/\/drmeryshoes.com\/wp-content\/uploads\/Slayt2-10-11x12.jpg 11w\" sizes=\"auto, (max-width: 1404px) 100vw, 1404px\" \/><\/div><\/div><\/div><\/div><\/div><\/div><\/section><section class=\"l-section wpb_row height_custom\"><div class=\"l-section-h i-cf\"><div class=\"g-cols vc_row via_grid cols_1 laptops-cols_inherit tablets-cols_inherit mobiles-cols_1 valign_top type_default stacking_default\"><div class=\"wpb_column vc_column_container hr-class\"><div class=\"vc_column-inner\"><div class=\"w-image align_center\"><div class=\"w-image-h\"><img decoding=\"async\" width=\"1350\" height=\"1536\" src=\"https:\/\/drmeryshoes.com\/wp-content\/uploads\/Slayt3-13-1350x1536.jpg\" class=\"attachment-us_1536_1536 size-us_1536_1536\" alt=\"\" loading=\"lazy\" srcset=\"https:\/\/drmeryshoes.com\/wp-content\/uploads\/Slayt3-13-1350x1536.jpg 1350w, https:\/\/drmeryshoes.com\/wp-content\/uploads\/Slayt3-13-264x300.jpg 264w, https:\/\/drmeryshoes.com\/wp-content\/uploads\/Slayt3-13-900x1024.jpg 900w, https:\/\/drmeryshoes.com\/wp-content\/uploads\/Slayt3-13-11x12.jpg 11w\" sizes=\"auto, (max-width: 1350px) 100vw, 1350px\" \/><\/div><\/div><\/div><\/div><\/div><\/div><\/section><section class=\"l-section wpb_row height_custom\"><div class=\"l-section-h i-cf\"><div class=\"g-cols vc_row via_grid cols_1 laptops-cols_inherit tablets-cols_inherit mobiles-cols_1 valign_top type_default stacking_default\"><div class=\"wpb_column vc_column_container hr-class\"><div class=\"vc_column-inner\"><div class=\"w-image align_center\"><div class=\"w-image-h\"><img decoding=\"async\" width=\"1390\" height=\"1536\" src=\"https:\/\/drmeryshoes.com\/wp-content\/uploads\/Slayt4-8-1390x1536.jpg\" class=\"attachment-us_1536_1536 size-us_1536_1536\" alt=\"\" loading=\"lazy\" srcset=\"https:\/\/drmeryshoes.com\/wp-content\/uploads\/Slayt4-8-1390x1536.jpg 1390w, https:\/\/drmeryshoes.com\/wp-content\/uploads\/Slayt4-8-271x300.jpg 271w, https:\/\/drmeryshoes.com\/wp-content\/uploads\/Slayt4-8-927x1024.jpg 927w, https:\/\/drmeryshoes.com\/wp-content\/uploads\/Slayt4-8-11x12.jpg 11w\" sizes=\"auto, (max-width: 1390px) 100vw, 1390px\" \/><\/div><\/div><\/div><\/div><\/div><\/div><\/section><section class=\"l-section wpb_row height_custom\"><div class=\"l-section-h i-cf\"><div class=\"g-cols vc_row via_grid cols_1 laptops-cols_inherit tablets-cols_inherit mobiles-cols_1 valign_top type_default stacking_default\"><div class=\"wpb_column vc_column_container hr-class\"><div class=\"vc_column-inner\"><div class=\"w-image align_center\"><div class=\"w-image-h\"><img decoding=\"async\" width=\"1152\" height=\"1536\" src=\"https:\/\/drmeryshoes.com\/wp-content\/uploads\/Slayt9-1-1-1152x1536.jpg\" class=\"attachment-us_1536_1536 size-us_1536_1536\" alt=\"\" loading=\"lazy\" srcset=\"https:\/\/drmeryshoes.com\/wp-content\/uploads\/Slayt9-1-1-1152x1536.jpg 1152w, https:\/\/drmeryshoes.com\/wp-content\/uploads\/Slayt9-1-1-225x300.jpg 225w, https:\/\/drmeryshoes.com\/wp-content\/uploads\/Slayt9-1-1-768x1024.jpg 768w, https:\/\/drmeryshoes.com\/wp-content\/uploads\/Slayt9-1-1-9x12.jpg 9w, https:\/\/drmeryshoes.com\/wp-content\/uploads\/Slayt9-1-1-scaled.jpg 1920w\" sizes=\"auto, (max-width: 1152px) 100vw, 1152px\" \/><\/div><\/div><\/div><\/div><\/div><\/div><\/section><section class=\"l-section wpb_row height_custom\"><div class=\"l-section-h i-cf\"><div class=\"g-cols vc_row via_grid cols_1 laptops-cols_inherit tablets-cols_inherit mobiles-cols_1 valign_top type_default stacking_default\"><div class=\"wpb_column vc_column_container hr-class\"><div class=\"vc_column-inner\"><div class=\"w-image align_center\"><div class=\"w-image-h\"><img decoding=\"async\" width=\"1152\" height=\"1536\" src=\"https:\/\/drmeryshoes.com\/wp-content\/uploads\/Slayt10-1-1-1152x1536.jpg\" class=\"attachment-us_1536_1536 size-us_1536_1536\" alt=\"\" loading=\"lazy\" srcset=\"https:\/\/drmeryshoes.com\/wp-content\/uploads\/Slayt10-1-1-1152x1536.jpg 1152w, https:\/\/drmeryshoes.com\/wp-content\/uploads\/Slayt10-1-1-225x300.jpg 225w, https:\/\/drmeryshoes.com\/wp-content\/uploads\/Slayt10-1-1-768x1024.jpg 768w, https:\/\/drmeryshoes.com\/wp-content\/uploads\/Slayt10-1-1-9x12.jpg 9w, https:\/\/drmeryshoes.com\/wp-content\/uploads\/Slayt10-1-1-scaled.jpg 1920w\" sizes=\"auto, (max-width: 1152px) 100vw, 1152px\" \/><\/div><\/div><\/div><\/div><\/div><\/div><\/section><section class=\"l-section wpb_row height_custom\"><div class=\"l-section-h i-cf\"><div class=\"g-cols vc_row via_grid cols_1 laptops-cols_inherit tablets-cols_inherit mobiles-cols_1 valign_top type_default stacking_default\"><div class=\"wpb_column vc_column_container hr-class\"><div class=\"vc_column-inner\"><div class=\"w-image align_center\"><div class=\"w-image-h\"><img decoding=\"async\" width=\"1152\" height=\"1536\" src=\"https:\/\/drmeryshoes.com\/wp-content\/uploads\/Slayt12-1-1-1152x1536.jpg\" class=\"attachment-us_1536_1536 size-us_1536_1536\" alt=\"\" loading=\"lazy\" srcset=\"https:\/\/drmeryshoes.com\/wp-content\/uploads\/Slayt12-1-1-1152x1536.jpg 1152w, https:\/\/drmeryshoes.com\/wp-content\/uploads\/Slayt12-1-1-225x300.jpg 225w, https:\/\/drmeryshoes.com\/wp-content\/uploads\/Slayt12-1-1-768x1024.jpg 768w, https:\/\/drmeryshoes.com\/wp-content\/uploads\/Slayt12-1-1-9x12.jpg 9w, https:\/\/drmeryshoes.com\/wp-content\/uploads\/Slayt12-1-1-scaled.jpg 1920w\" sizes=\"auto, (max-width: 1152px) 100vw, 1152px\" \/><\/div><\/div><\/div><\/div><\/div><\/div><\/section><section class=\"l-section wpb_row height_custom\"><div class=\"l-section-h i-cf\"><div class=\"g-cols vc_row via_grid cols_1 laptops-cols_inherit tablets-cols_inherit mobiles-cols_1 valign_top type_default stacking_default\"><div class=\"wpb_column vc_column_container hr-class\"><div class=\"vc_column-inner\"><div class=\"w-image align_center\"><div class=\"w-image-h\"><img decoding=\"async\" width=\"1152\" height=\"1536\" src=\"https:\/\/drmeryshoes.com\/wp-content\/uploads\/Slayt13-1-1-1152x1536.jpg\" class=\"attachment-us_1536_1536 size-us_1536_1536\" alt=\"\" loading=\"lazy\" srcset=\"https:\/\/drmeryshoes.com\/wp-content\/uploads\/Slayt13-1-1-1152x1536.jpg 1152w, https:\/\/drmeryshoes.com\/wp-content\/uploads\/Slayt13-1-1-225x300.jpg 225w, https:\/\/drmeryshoes.com\/wp-content\/uploads\/Slayt13-1-1-768x1024.jpg 768w, https:\/\/drmeryshoes.com\/wp-content\/uploads\/Slayt13-1-1-9x12.jpg 9w, https:\/\/drmeryshoes.com\/wp-content\/uploads\/Slayt13-1-1-scaled.jpg 1920w\" sizes=\"auto, (max-width: 1152px) 100vw, 1152px\" \/><\/div><\/div><\/div><\/div><\/div><\/div><\/section>","protected":false},"excerpt":{"rendered":"DIABETIC Diabetes is a chronic disease in which the body&#8217;s ability to produce or use the hormone insulin is impaired. Insulin is a hormone that regulates blood sugar. Diabetes makes it difficult for the body to use glucose (sugar) for energy, causing blood sugar levels to rise uncontrollably. There are three main types: Type 1...","protected":false},"author":1,"featured_media":0,"parent":0,"menu_order":0,"comment_status":"closed","ping_status":"closed","template":"","meta":{"_themeisle_gutenberg_block_has_review":false,"footnotes":""},"class_list":["post-9453","page","type-page","status-publish","hentry"],"_links":{"self":[{"href":"https:\/\/drmeryshoes.com\/tr\/wp-json\/wp\/v2\/pages\/9453","targetHints":{"allow":["GET"]}}],"collection":[{"href":"https:\/\/drmeryshoes.com\/tr\/wp-json\/wp\/v2\/pages"}],"about":[{"href":"https:\/\/drmeryshoes.com\/tr\/wp-json\/wp\/v2\/types\/page"}],"author":[{"embeddable":true,"href":"https:\/\/drmeryshoes.com\/tr\/wp-json\/wp\/v2\/users\/1"}],"replies":[{"embeddable":true,"href":"https:\/\/drmeryshoes.com\/tr\/wp-json\/wp\/v2\/comments?post=9453"}],"version-history":[{"count":7,"href":"https:\/\/drmeryshoes.com\/tr\/wp-json\/wp\/v2\/pages\/9453\/revisions"}],"predecessor-version":[{"id":9647,"href":"https:\/\/drmeryshoes.com\/tr\/wp-json\/wp\/v2\/pages\/9453\/revisions\/9647"}],"wp:attachment":[{"href":"https:\/\/drmeryshoes.com\/tr\/wp-json\/wp\/v2\/media?parent=9453"}],"curies":[{"name":"wp","href":"https:\/\/api.w.org\/{rel}","templated":true}]}}