{"id":9151,"date":"2026-01-18T12:28:37","date_gmt":"2026-01-18T09:28:37","guid":{"rendered":"https:\/\/drmeryshoes.com\/?page_id=9151"},"modified":"2026-01-28T14:13:08","modified_gmt":"2026-01-28T11:13:08","slug":"foot-problems","status":"publish","type":"page","link":"https:\/\/drmeryshoes.com\/tr\/foot-problems\/","title":{"rendered":"Ayak Hastal\u0131klar\u0131"},"content":{"rendered":"<section class=\"l-section wpb_row height_custom\"><div class=\"l-section-h i-cf\"><div class=\"g-cols vc_row via_grid cols_1 laptops-cols_inherit tablets-cols_inherit mobiles-cols_1 valign_top type_default stacking_default\"><div class=\"wpb_column vc_column_container\"><div class=\"vc_column-inner\"><div class=\"wpb_text_column\"><div class=\"wpb_wrapper\"><\/p>\n<h2>\u00a0 \u00a0 \u00a0 \u00a0 \u00a0 \u00a0 \u00a0 \u00a0 \u00a0 \u00a0 \u00a0 \u00a0 \u00a0 \u00a0 \u00a0 \u00a0<a href=\"https:\/\/drmeryshoes.com\/tr\/diabetic\/\">D\u0130YABET<\/a><\/h2>\n<p>\n<\/div><\/div><div class=\"wpb_text_column\"><div class=\"wpb_wrapper\"><\/p>\n<h2>\u00a0 \u00a0 \u00a0 \u00a0 \u00a0 \u00a0 \u00a0 \u00a0 \u00a0 \u00a0 \u00a0 \u00a0 \u00a0 \u00a0 \u00a0 \u00a0<a href=\"https:\/\/drmeryshoes.com\/tr\/achilles-tendon\/\">A\u015e\u0130L TENDONU<\/a><\/h2>\n<p>\n<\/div><\/div><div class=\"wpb_text_column\"><div class=\"wpb_wrapper\"><\/p>\n<h2>\u00a0 \u00a0 \u00a0 \u00a0 \u00a0 \u00a0 \u00a0 \u00a0 \u00a0 \u00a0 \u00a0 \u00a0 \u00a0 \u00a0 \u00a0 \u00a0<a href=\"https:\/\/drmeryshoes.com\/tr\/hell-spur\/\">TOPUK D\u0130KEN\u0130<\/a><\/h2>\n<p>\n<\/div><\/div><div class=\"wpb_text_column\"><div class=\"wpb_wrapper\"><\/p>\n<h2 style=\"text-align: left;\">\u00a0 \u00a0 \u00a0 \u00a0 \u00a0 \u00a0 \u00a0 \u00a0 \u00a0 \u00a0 \u00a0 \u00a0 \u00a0 \u00a0 \u00a0 \u00a0<a href=\"https:\/\/drmeryshoes.com\/tr\/flat-feet\/\">D\u00dcZ TABAN<\/a><\/h2>\n<p>\n<\/div><\/div><div class=\"wpb_text_column\"><div class=\"wpb_wrapper\"><\/p>\n<h2>\u00a0 \u00a0 \u00a0 \u00a0 \u00a0 \u00a0 \u00a0 \u00a0 \u00a0 \u00a0 \u00a0 \u00a0 \u00a0 \u00a0 \u00a0 \u00a0<a href=\"https:\/\/drmeryshoes.com\/tr\/varicose-viens\/\">VAR\u0130SL\u0130 DAMAR<\/a><\/h2>\n<p>\n<\/div><\/div><div class=\"wpb_text_column\"><div class=\"wpb_wrapper\"><\/p>\n<h2>\u00a0 \u00a0 \u00a0 \u00a0 \u00a0 \u00a0 \u00a0 \u00a0 \u00a0 \u00a0 \u00a0 \u00a0 \u00a0 \u00a0\u00a0 \u00a0\u00a0<a href=\"https:\/\/drmeryshoes.com\/tr\/metatarsalgi-2\/\">METETARSALJ\u0130<\/a><\/h2>\n<p>\n<\/div><\/div><div class=\"wpb_text_column\"><div class=\"wpb_wrapper\"><\/p>\n<h2>\u00a0 \u00a0 \u00a0 \u00a0 \u00a0 \u00a0 \u00a0 \u00a0 \u00a0 \u00a0 \u00a0 \u00a0 \u00a0 \u00a0 \u00a0 \u00a0<a href=\"https:\/\/drmeryshoes.com\/tr\/hammer-toe-edeme-foot\/\">\u00c7EK\u0130\u00c7 PARMAK-\u00d6DEML\u0130 AYAK<\/a><\/h2>\n<p>\n<\/div><\/div><div class=\"wpb_text_column\"><div class=\"wpb_wrapper\"><\/p>\n<h2>\u00a0 \u00a0 \u00a0 \u00a0 \u00a0 \u00a0 \u00a0 \u00a0 \u00a0 \u00a0 \u00a0 \u00a0 \u00a0 \u00a0 \u00a0 \u00a0<a href=\"https:\/\/drmeryshoes.com\/tr\/hallux-valgus-3\/\">HALLUX VALGUS<\/a><\/h2>\n<p>\n<\/div><\/div><div class=\"wpb_text_column\"><div class=\"wpb_wrapper\"><\/p>\n<h2>\u00a0 \u00a0 \u00a0 \u00a0 \u00a0 \u00a0 \u00a0 \u00a0 \u00a0 \u00a0 \u00a0 \u00a0 \u00a0 \u00a0 \u00a0\u00a0 <a href=\"https:\/\/drmeryshoes.com\/tr\/planter-faciitis-3\/\">PLANTER FAS\u0130T\u0130S<\/a><\/h2>\n<p>\n<\/div><\/div><div class=\"wpb_text_column\"><div class=\"wpb_wrapper\"><\/p>\n<h2>\u00a0 \u00a0 \u00a0 \u00a0 \u00a0 \u00a0 \u00a0 \u00a0 \u00a0 \u00a0 \u00a0 \u00a0 \u00a0 \u00a0 \u00a0 \u00a0<a href=\"https:\/\/drmeryshoes.com\/tr\/pregnancy\/\">HAM\u0130LELER \u0130\u00c7\u0130N\u00a0<\/a><\/h2>\n<p>\n<\/div><\/div><div class=\"wpb_text_column\"><div class=\"wpb_wrapper\"><\/p>\n<h2>\u00a0 \u00a0 \u00a0 \u00a0 \u00a0 \u00a0 \u00a0 \u00a0 \u00a0 \u00a0 \u00a0 \u00a0 \u00a0 \u00a0 \u00a0 \u00a0<a href=\"https:\/\/drmeryshoes.com\/tr\/silver-socks\/\">G\u00dcM\u00dc\u015e \u0130YONLU \u00c7ORAP<\/a><\/h2>\n<p>\n<\/div><\/div><\/div><\/div><\/div><\/div><\/section>","protected":false},"excerpt":{"rendered":"\u00a0 \u00a0 \u00a0 \u00a0 \u00a0 \u00a0 \u00a0 \u00a0 \u00a0 \u00a0 \u00a0 \u00a0 \u00a0 \u00a0 \u00a0 \u00a0DIABETIC \u00a0 \u00a0 \u00a0 \u00a0 \u00a0 \u00a0 \u00a0 \u00a0 \u00a0 \u00a0 \u00a0 \u00a0 \u00a0 \u00a0 \u00a0 \u00a0ACHILLES TENDON \u00a0 \u00a0 \u00a0 \u00a0 \u00a0 \u00a0 \u00a0 \u00a0 \u00a0 \u00a0 \u00a0 \u00a0 \u00a0 \u00a0 \u00a0 \u00a0HELL SPUR \u00a0 \u00a0 \u00a0 \u00a0 \u00a0...","protected":false},"author":1,"featured_media":0,"parent":0,"menu_order":0,"comment_status":"closed","ping_status":"closed","template":"","meta":{"_themeisle_gutenberg_block_has_review":false,"footnotes":""},"class_list":["post-9151","page","type-page","status-publish","hentry"],"_links":{"self":[{"href":"https:\/\/drmeryshoes.com\/tr\/wp-json\/wp\/v2\/pages\/9151","targetHints":{"allow":["GET"]}}],"collection":[{"href":"https:\/\/drmeryshoes.com\/tr\/wp-json\/wp\/v2\/pages"}],"about":[{"href":"https:\/\/drmeryshoes.com\/tr\/wp-json\/wp\/v2\/types\/page"}],"author":[{"embeddable":true,"href":"https:\/\/drmeryshoes.com\/tr\/wp-json\/wp\/v2\/users\/1"}],"replies":[{"embeddable":true,"href":"https:\/\/drmeryshoes.com\/tr\/wp-json\/wp\/v2\/comments?post=9151"}],"version-history":[{"count":63,"href":"https:\/\/drmeryshoes.com\/tr\/wp-json\/wp\/v2\/pages\/9151\/revisions"}],"predecessor-version":[{"id":9585,"href":"https:\/\/drmeryshoes.com\/tr\/wp-json\/wp\/v2\/pages\/9151\/revisions\/9585"}],"wp:attachment":[{"href":"https:\/\/drmeryshoes.com\/tr\/wp-json\/wp\/v2\/media?parent=9151"}],"curies":[{"name":"wp","href":"https:\/\/api.w.org\/{rel}","templated":true}]}}