{"id":9,"date":"2013-05-31T11:56:39","date_gmt":"2013-05-31T11:56:39","guid":{"rendered":"http:\/\/impreza.us-themes.net\/pages\/contact\/"},"modified":"2025-05-13T14:48:37","modified_gmt":"2025-05-13T11:48:37","slug":"contact","status":"publish","type":"page","link":"https:\/\/drmeryshoes.com\/tr\/pages\/contact\/","title":{"rendered":"Contact"},"content":{"rendered":"<section class=\"l-section wpb_row height_custom\"><div class=\"l-section-h i-cf\"><div class=\"g-cols vc_row via_grid cols_1-2 laptops-cols_inherit tablets-cols_inherit mobiles-cols_1 valign_top type_default stacking_default\" style=\"--columns-gap:58px;\"><div class=\"wpb_column vc_column_container\"><div class=\"vc_column-inner\"><div class=\"wpb_text_column\"><div class=\"wpb_wrapper\"><\/p>\n<h3>Contact Info<\/h3>\n<p>\n<\/div><\/div><div class=\"w-separator size_small\"><\/div><div class=\"w-iconbox iconpos_left style_circle color_primary align_left no_text\"><div class=\"w-iconbox-icon\" style=\"font-size:22px;\"><i class=\"far fa-map-marker-alt\"><\/i><\/div><div class=\"w-iconbox-meta\"><div class=\"w-iconbox-title\">Egemenlik Mah. 6123 sk. No. 39 ISIKKENT 35070 BORNOVA-IZMIR-TURKEY<\/div><\/div><\/div><div class=\"w-separator size_small\"><\/div><div class=\"w-iconbox iconpos_left style_circle color_primary align_left no_text\"><div class=\"w-iconbox-icon\" style=\"font-size:22px;\"><i class=\"far fa-phone\"><\/i><\/div><div class=\"w-iconbox-meta\"><div class=\"w-iconbox-title\">+90 532 215 28 39<\/div><\/div><\/div><div class=\"w-separator size_small\"><\/div><div class=\"w-iconbox iconpos_left style_circle color_primary align_left no_text icontype_img\"><div class=\"w-iconbox-icon\" style=\"font-size:22px;\"><img decoding=\"async\" class=\"g-placeholder\" src=\"https:\/\/drmeryshoes.com\/wp-content\/plugins\/us-core\/assets\/images\/placeholder.svg\" width=\"\" height=\"\" alt><\/div><div class=\"w-iconbox-meta\"><div class=\"w-iconbox-title\">+90 542 315 28 98<\/div><\/div><\/div><div class=\"w-separator size_small\"><\/div><div class=\"w-iconbox iconpos_left style_circle color_primary align_left no_text\"><a href=\"mailto:info@example.com\" class=\"w-iconbox-link\" aria-label=\"info@drmeryshoes.com\"><div class=\"w-iconbox-icon\" style=\"font-size:22px;\"><i class=\"far fa-envelope\"><\/i><\/div><\/a><div class=\"w-iconbox-meta\"><div class=\"w-iconbox-title\"><a href=\"mailto:info@example.com\" class=\"w-iconbox-link\" aria-label=\"info@drmeryshoes.com\">info@drmeryshoes.com<\/a><\/div><\/div><\/div><\/div><\/div><div class=\"wpb_column vc_column_container\"><div class=\"vc_column-inner\"><div class=\"wpb_text_column\"><div class=\"wpb_wrapper\"><\/p>\n<h3>Get in Touch with Us<\/h3>\n<p>\n<\/div><\/div><div class=\"w-separator size_small\"><\/div><form class=\"w-form  us-field-style_1 layout_ver for_cform us_form_1\" autocomplete=\"off\" action=\"https:\/\/drmeryshoes.com\/tr\/tr\/wp-json\/wp\/v2\/pages\/9\" method=\"post\" data-trp-original-action=\"https:\/\/drmeryshoes.com\/tr\/tr\/wp-json\/wp\/v2\/pages\/9\"><div class=\"w-form-h\"><div class=\"w-form-row for_text has_label\">\n\t\t\t<div class=\"w-form-row-label\">\n\t\t\t<span>Your name<\/span>\n\t\t<\/div>\n\t\t<div class=\"w-form-row-field\">\n\t\t\t\t\t\t<input aria-label=\"Your name\" type=\"text\" name=\"us_form_1_text_1\" value placeholder=\"Nice to meet\"\/>\n\t\t\t<\/div>\n\t\t<div class=\"w-form-row-state\">Fill out this field<\/div>\n<\/div>\n<div class=\"w-form-row for_email has_label required\">\n\t\t\t<div class=\"w-form-row-label\">\n\t\t\t<span>Email *<\/span>\n\t\t<\/div>\n\t\t<div class=\"w-form-row-field\">\n\t\t\t\t\t\t<input aria-label=\"Email\" type=\"email\" name=\"us_form_1_email_1\" value placeholder=\"We&#039;ll reply to you\" data-required=\"true\" aria-required=\"true\"\/>\n\t\t\t<\/div>\n\t\t<div class=\"w-form-row-state\">L\u00fctfen ge\u00e7erli bir e-posta adresi yaz\u0131n.<\/div>\n<\/div>\n<div class=\"w-form-row for_textarea has_label required\">\n\t\t\t<div class=\"w-form-row-label\">\n\t\t\t<span>Message *<\/span>\n\t\t<\/div>\n\t\t<div class=\"w-form-row-field\">\n\t\t\t\t\t\t<textarea aria-label=\"Message\" name=\"us_form_1_textarea_1\" placeholder=\"Write something\" data-required=\"true\" aria-required=\"true\"><\/textarea>\n\t\t\t<\/div>\n\t\t<div class=\"w-form-row-state\">Fill out this field<\/div>\n<\/div>\n<input type=\"hidden\" name=\"action\" value=\"us_ajax_cform\" \/>\n<input type=\"hidden\" name=\"post_id\" value=\"0\" \/>\n<input type=\"hidden\" name=\"form_index\" value=\"1\" \/>\n<div class=\"w-form-row for_submit align_none\">\n\t<button class=\"w-btn  us-btn-style_1\" aria-label=\"Send Message\" type=\"submit\">\n\t\t<span class=\"g-preloader type_1\"><\/span>\n\t\t\t\t<span class=\"w-btn-label\">Send Message<\/span>\n\t\t\t<\/button>\n\t<\/div>\n<\/div><div class=\"w-form-message\"><\/div><div class=\"w-form-json hidden\" onclick='return {&quot;ajaxurl&quot;:&quot;https:\\\/\\\/drmeryshoes.com\\\/wp-admin\\\/admin-ajax.php&quot;,&quot;messages&quot;:{&quot;err_empty&quot;:&quot;Fill out this field&quot;,&quot;err_size&quot;:&quot;File size cannot exceed %s MB&quot;,&quot;err_extension&quot;:&quot;%s file type is not allowed&quot;,&quot;err_recaptcha_keys&quot;:&quot;reCAPTCHA keys are incorrect&quot;}}'><\/div><input type=\"hidden\" name=\"trp-form-language\" value=\"tr\"\/><\/form><\/div><\/div><\/div><\/div><\/section>","protected":false},"excerpt":{"rendered":"Contact Info Egemenlik Mah. 6123 sk. No. 39 ISIKKENT 35070 BORNOVA-IZMIR-TURKEY+90 532 215 28 39+90 542 315 28 98info@drmeryshoes.comGet in Touch with Us Your name Fill out this field Email * L\u00fctfen ge\u00e7erli bir e-posta adresi yaz\u0131n. Message * Fill out this field Send Message","protected":false},"author":1,"featured_media":0,"parent":1106,"menu_order":0,"comment_status":"closed","ping_status":"closed","template":"","meta":{"_themeisle_gutenberg_block_has_review":false,"footnotes":""},"class_list":["post-9","page","type-page","status-publish","hentry"],"_links":{"self":[{"href":"https:\/\/drmeryshoes.com\/tr\/wp-json\/wp\/v2\/pages\/9","targetHints":{"allow":["GET"]}}],"collection":[{"href":"https:\/\/drmeryshoes.com\/tr\/wp-json\/wp\/v2\/pages"}],"about":[{"href":"https:\/\/drmeryshoes.com\/tr\/wp-json\/wp\/v2\/types\/page"}],"author":[{"embeddable":true,"href":"https:\/\/drmeryshoes.com\/tr\/wp-json\/wp\/v2\/users\/1"}],"replies":[{"embeddable":true,"href":"https:\/\/drmeryshoes.com\/tr\/wp-json\/wp\/v2\/comments?post=9"}],"version-history":[{"count":4,"href":"https:\/\/drmeryshoes.com\/tr\/wp-json\/wp\/v2\/pages\/9\/revisions"}],"predecessor-version":[{"id":9083,"href":"https:\/\/drmeryshoes.com\/tr\/wp-json\/wp\/v2\/pages\/9\/revisions\/9083"}],"up":[{"embeddable":true,"href":"https:\/\/drmeryshoes.com\/tr\/wp-json\/wp\/v2\/pages\/1106"}],"wp:attachment":[{"href":"https:\/\/drmeryshoes.com\/tr\/wp-json\/wp\/v2\/media?parent=9"}],"curies":[{"name":"wp","href":"https:\/\/api.w.org\/{rel}","templated":true}]}}