{"id":2,"date":"2024-02-16T08:36:43","date_gmt":"2024-02-16T08:36:43","guid":{"rendered":"https:\/\/drmeryshoes.com\/?page_id=2"},"modified":"2024-09-28T13:00:54","modified_gmt":"2024-09-28T10:00:54","slug":"about-us","status":"publish","type":"page","link":"https:\/\/drmeryshoes.com\/tr\/about-us\/","title":{"rendered":"ABOUT US"},"content":{"rendered":"<p>Founder of Dr Mery shoes, Nuclear medicine specialist Dr. R\u0131fat TOP\u00c7UO\u011eLU starts such an adventure due to his varicose vein disease. He entered the &#8216;medical-comfort&#8217; shoe industry with the first shoe he designed, in consultation with his doctor friends. This first shoe actually made its way into the &#8216;comfort&#8217; shoes, produced today. With the idea of \u201cHealth and fashion can come together in one shoe\u201d we have been producing shoes that will be good for your health, considering quality, comfort and style together since 2010.<\/p>\r\n\r\n\r\n\r\n<blockquote class=\"wp-block-quote is-layout-flow wp-block-quote-is-layout-flow\"><\/blockquote>\r\n\r\n\r\n\r\n\r\n\r\n\r\nThe reason we care about foot health, we produce comfortable and healthy shoes that can be worn not only when needed but also every day in your daily life. \r\n\r\n\r\n\r\nConsidering the sole as the most basic point of the shoe, studies begin from the very foundation of production with 11 different special soles. For this purpose, we combine the latest technology with the best designs, accompanied by specialist physicians, and produce comfort shoes that care about style and foot health. In daily life or at work, while walking the load is on your feet. This load and pressure can cause unhappiness in the feet, ankles, knees, hips and other parts of the body and cause problems in our living comfort\r\n\r\n\r\n\r\n\r\n\r\n\r\n\r\n\r\n\r\n\r\n\r\n\r\n\r\n\r\n\r\n\r\n\r\nThanks to its spring-loaded soles, Dr.Mery absorbs the shock coming from the ground and absorbs this load and pressure. With each step, thanks to the spring in the sole, it supports the muscles below the knee and accelerates blood circulation by helping the muscle pump to work more healthily.\r\n\r\n\r\n\r\nIt helps you have a comfortable and healthy day by helping a healthier system work at every step.\r\n\r\n\r\n\r\nWe have produced shoes that will feel great when used as they look&#8230; you will feel and experience the comfort you desire with Dr.mery shoes. It is specially designed for those who are concerned about their foot health.\r\n\r\n\r\n\r\n\r\n\r\n\r\n\r\n\r\n\r\nAs Dr. Mery, we have included the shoes to be produced for special demands among the standard products, by mass producing spring shoes that prevent the formation of heel spurs, hallux valgus (bone protrusion) and varicose veins.\r\n\r\n\r\n\r\nWe have made it easily available at prices accessible to everyone.\r\n\r\n\r\n\r\nApart from the head office and R&amp;D center in Izmir, we have managed to achieve quality service and production standards by providing job opportunities to hundreds of people with 2 separate factories in Manisa.\r\n\r\n\r\n\r\nIt gives us great pleasure to contribute to the country&#8217;s economy with our exports to 23 countries.\r\n\r\n\r\n\r\n\r\n\r\n\r\n\r\n\r\n\r\nContact Info\r\n\r\n\r\n\r\nGet in touch with us to discuss your comfort shoe needs.\r\n\r\n\r\n\r\n\r\n\r\n\r\n+90 232 254 58 57\r\n\r\n\r\n\r\ninfo@drmeryshoes.com\r\n\r\n\r\n\r\n6123 sok No: 39 Bornova \u0130zmir","protected":false},"excerpt":{"rendered":"<p>Founder of Dr Mery shoes, Nuclear medicine specialist Dr. R\u0131fat TOP\u00c7UO\u011eLU starts such an adventure due to his varicose vein disease. He entered the &#8216;medical-comfort&#8217; shoe industry with the first shoe he designed, in consultation with his doctor friends. This first shoe actually made its way into the &#8216;comfort&#8217; shoes, produced today. With the idea&#8230;<\/p>","protected":false},"author":1,"featured_media":0,"parent":0,"menu_order":0,"comment_status":"closed","ping_status":"closed","template":"","meta":{"_themeisle_gutenberg_block_has_review":false,"footnotes":""},"class_list":["post-2","page","type-page","status-publish","hentry"],"_links":{"self":[{"href":"https:\/\/drmeryshoes.com\/tr\/wp-json\/wp\/v2\/pages\/2","targetHints":{"allow":["GET"]}}],"collection":[{"href":"https:\/\/drmeryshoes.com\/tr\/wp-json\/wp\/v2\/pages"}],"about":[{"href":"https:\/\/drmeryshoes.com\/tr\/wp-json\/wp\/v2\/types\/page"}],"author":[{"embeddable":true,"href":"https:\/\/drmeryshoes.com\/tr\/wp-json\/wp\/v2\/users\/1"}],"replies":[{"embeddable":true,"href":"https:\/\/drmeryshoes.com\/tr\/wp-json\/wp\/v2\/comments?post=2"}],"version-history":[{"count":4,"href":"https:\/\/drmeryshoes.com\/tr\/wp-json\/wp\/v2\/pages\/2\/revisions"}],"predecessor-version":[{"id":88,"href":"https:\/\/drmeryshoes.com\/tr\/wp-json\/wp\/v2\/pages\/2\/revisions\/88"}],"wp:attachment":[{"href":"https:\/\/drmeryshoes.com\/tr\/wp-json\/wp\/v2\/media?parent=2"}],"curies":[{"name":"wp","href":"https:\/\/api.w.org\/{rel}","templated":true}]}}