{"id":12,"date":"2013-05-31T11:57:37","date_gmt":"2013-05-31T11:57:37","guid":{"rendered":"http:\/\/impreza.us-themes.net\/pages\/about\/"},"modified":"2026-03-17T10:05:34","modified_gmt":"2026-03-17T07:05:34","slug":"about","status":"publish","type":"page","link":"https:\/\/drmeryshoes.com\/tr\/pages\/about\/","title":{"rendered":"Dr.Mery nin Hikayesi"},"content":{"rendered":"<section class=\"l-section wpb_row height_custom\"><div class=\"l-section-h i-cf\"><div class=\"g-cols vc_row via_grid cols_1 laptops-cols_inherit tablets-cols_inherit mobiles-cols_1 valign_top type_default stacking_default\"><div class=\"wpb_column vc_column_container\"><div class=\"vc_column-inner\"><div class=\"wpb_text_column\"><div class=\"wpb_wrapper\"><\/p>\n<h3><strong>Dr. Mery, bir doktorun kendi sa\u011fl\u0131k ihtiya\u00e7lar\u0131ndan do\u011fmu\u015f medikal bir ayakkab\u0131 markas\u0131d\u0131r.<\/strong><\/h3>\n<h4>2010 y\u0131l\u0131nda kurulan Dr. Mery ismi, aile bireylerimin isimlerinin ba\u015f harflerinin bir araya getirilmesiyle olu\u015fturulmu\u015ftur.<\/h4>\n<h4>44 y\u0131ll\u0131k hekimlik hayat\u0131m boyunca uzun saatler ayakta \u00e7al\u0131\u015fmam, bacaklar\u0131mda varis problemlerinin geli\u015fmesine neden oldu. Bu durum yaln\u0131zca ya\u015fam kalitemi d\u00fc\u015f\u00fcrmekle kalmad\u0131, ayn\u0131 zamanda mevcut \u00e7\u00f6z\u00fcmlerin yetersizli\u011fini de a\u00e7\u0131k\u00e7a ortaya koydu. \u0130\u015fte bu ki\u015fisel ihtiya\u00e7, Dr. Mery markas\u0131n\u0131n temelini olu\u015fturdu.<\/h4>\n<h4>Amac\u0131m; bald\u0131r kas pompas\u0131n\u0131 aktif hale getiren, ven\u00f6z d\u00f6n\u00fc\u015f\u00fc kolayla\u015ft\u0131ran ve varislerin ilerlemesini \u00f6nlemeye yard\u0131mc\u0131 olan bir ayakkab\u0131 geli\u015ftirmekti. \u0130lk \u00e7al\u0131\u015fmalar\u0131mda iki ah\u015fap plaka aras\u0131na yerle\u015ftirilmi\u015f bir yay sistemi kulland\u0131m. Bald\u0131r kaslar\u0131n\u0131n olu\u015fturdu\u011fu bas\u0131n\u00e7 sayesinde bu sistem, ven\u00f6z kapak\u00e7\u0131klar\u0131n daha sa\u011fl\u0131kl\u0131 \u00e7al\u0131\u015fmas\u0131n\u0131 destekleyerek oksijeni azalm\u0131\u015f kan\u0131n kalbe geri d\u00f6n\u00fc\u015f\u00fcne yard\u0131mc\u0131 oldu. Sonu\u00e7 olarak a\u011fr\u0131lar\u0131m azald\u0131 ve varislerimin ilerlemesini durdurmay\u0131 ba\u015fard\u0131m.<\/h4>\n<h4>Bunu takiben, \u00fc\u00e7 y\u0131l s\u00fcren yo\u011fun Ar-Ge \u00e7al\u0131\u015fmalar\u0131 sonucunda; yay mekanizmas\u0131n\u0131 ve poli\u00fcretan bazl\u0131, darbe emici ve esnek malzemeleri ayakkab\u0131 taban\u0131na entegre ettim. B\u00f6ylece y\u00fcr\u00fcy\u00fc\u015f s\u0131ras\u0131nda bald\u0131r kaslar\u0131n\u0131n kas\u0131lmas\u0131n\u0131 destekleyen, kas pompas\u0131n\u0131 aktif \u015fekilde uyaran ve aya\u011f\u0131n ve baca\u011f\u0131n do\u011fal biyomekani\u011fine uyum sa\u011flayan \u00f6zel bir taban yap\u0131s\u0131 geli\u015ftirildi.<\/h4>\n<h4>Bu a\u015famadan sonra \u00e7al\u0131\u015fmalar\u0131m\u0131 yaln\u0131zca varis ile s\u0131n\u0131rlamad\u0131m. Yayg\u0131n ayak rahats\u0131zl\u0131klar\u0131n\u0131 detayl\u0131 \u015fekilde inceleyerek a\u015fa\u011f\u0131daki alanlarda tasar\u0131m ve \u00fcretime ba\u015flad\u0131m:<\/h4>\n<h4>- Ger\u00e7ek diyabetik ayakkab\u0131lar<br \/>\n- Kemik \u00e7\u0131k\u0131nt\u0131lar\u0131na uygun modeller,<br \/>\n- D\u00fcz tabanl\u0131k, \u00e7eki\u00e7 parmak, \u00f6demli ayaklar ve topuk dikeni i\u00e7in \u00f6zel \u00e7\u00f6z\u00fcmler<br \/>\n- Hamile kad\u0131nlar i\u00e7in \u00f6zel olarak tasarlanm\u0131\u015f estetik ve konforlu ayakkab\u0131lar.<\/h4>\n<h4>Her rahats\u0131zl\u0131k i\u00e7in ayr\u0131 ve bilimsel temellere dayanan \u00e7\u00f6z\u00fcmler geli\u015ftirme ilkesini benimsedim. Bug\u00fcn de Ar-Ge \u00e7al\u0131\u015fmalar\u0131m\u0131 kesintisiz \u015fekilde s\u00fcrd\u00fcrerek yeni teknolojileri estetik ve konforla birle\u015ftirmeye devam ediyorum. \u0130nsanlar\u0131n ya\u015fam kalitesini art\u0131rmaya ve sa\u011fl\u0131klar\u0131na katk\u0131da bulunmaya olan g\u00fc\u00e7l\u00fc inanc\u0131mla bu yolda ilerliyorum.<\/h4>\n<h3><strong>Dr. Mery, ticari bir fikirden de\u011fil; bir doktorun kendi sa\u011fl\u0131\u011f\u0131n\u0131 koruma ihtiyac\u0131ndan do\u011fmu\u015f, insan ya\u015fam kalitesini y\u00fckseltmeyi ama\u00e7layan bir sa\u011fl\u0131k markas\u0131d\u0131r.<\/strong><\/h3>\n<h3>Sayg\u0131lar\u0131mla<\/h3>\n<h3><strong>Uzman Dr. R\u0131fat Top\u00e7uo\u011flu<\/strong><\/h3>\n<p>\n<\/div><\/div><\/div><\/div><\/div><\/div><\/section>","protected":false},"excerpt":{"rendered":"Dr. Mery is a medical footwear brand born out of a doctor\u2019s own healthcare needs. Founded in 2010, the name Dr. Mery was created by combining the initial letters of my family members\u2019 names. During my 44 years of medical practice, long hours of standing led to the development of varicose vein problems in my...","protected":false},"author":1,"featured_media":0,"parent":1106,"menu_order":0,"comment_status":"closed","ping_status":"closed","template":"","meta":{"_themeisle_gutenberg_block_has_review":false,"footnotes":""},"class_list":["post-12","page","type-page","status-publish","hentry"],"_links":{"self":[{"href":"https:\/\/drmeryshoes.com\/tr\/wp-json\/wp\/v2\/pages\/12","targetHints":{"allow":["GET"]}}],"collection":[{"href":"https:\/\/drmeryshoes.com\/tr\/wp-json\/wp\/v2\/pages"}],"about":[{"href":"https:\/\/drmeryshoes.com\/tr\/wp-json\/wp\/v2\/types\/page"}],"author":[{"embeddable":true,"href":"https:\/\/drmeryshoes.com\/tr\/wp-json\/wp\/v2\/users\/1"}],"replies":[{"embeddable":true,"href":"https:\/\/drmeryshoes.com\/tr\/wp-json\/wp\/v2\/comments?post=12"}],"version-history":[{"count":10,"href":"https:\/\/drmeryshoes.com\/tr\/wp-json\/wp\/v2\/pages\/12\/revisions"}],"predecessor-version":[{"id":9699,"href":"https:\/\/drmeryshoes.com\/tr\/wp-json\/wp\/v2\/pages\/12\/revisions\/9699"}],"up":[{"embeddable":true,"href":"https:\/\/drmeryshoes.com\/tr\/wp-json\/wp\/v2\/pages\/1106"}],"wp:attachment":[{"href":"https:\/\/drmeryshoes.com\/tr\/wp-json\/wp\/v2\/media?parent=12"}],"curies":[{"name":"wp","href":"https:\/\/api.w.org\/{rel}","templated":true}]}}