{"id":1146,"date":"2013-09-03T11:33:57","date_gmt":"2013-09-03T11:33:57","guid":{"rendered":"http:\/\/impreza.us-themes.net\/elements\/simple-slider\/"},"modified":"2013-09-03T11:33:57","modified_gmt":"2013-09-03T11:33:57","slug":"slider","status":"publish","type":"page","link":"https:\/\/drmeryshoes.com\/tr\/slider\/","title":{"rendered":"Image Slider"},"content":{"rendered":"<section class=\"l-section wpb_row height_custom\"><div class=\"l-section-h i-cf\"><div class=\"g-cols vc_row via_grid cols_2 laptops-cols_inherit tablets-cols_inherit mobiles-cols_1 valign_top type_default stacking_default\"><div class=\"wpb_column vc_column_container\"><div class=\"vc_column-inner\"><div class=\"wpb_text_column\"><div class=\"wpb_wrapper\"><\/p>\n<p style=\"text-align: center;\">Dots Navigation<\/p>\n<p>\n<\/div><\/div><div class=\"w-slider style_none fit_cover nav_dots count_3\"><div class=\"w-slider-h\"><div class=\"royalSlider\"><div class=\"rsContent\"><a class=\"rsImg\" data-rsw=\"2000\" data-rsh=\"2000\" href=\"https:\/\/drmeryshoes.com\/wp-content\/plugins\/us-core\/assets\/images\/placeholder.svg\"><span data-alt=\"\"><\/span><\/a><div class=\"rsABlock\" data-fadeeffect=\"false\" data-moveeffect=\"none\"><div class=\"w-slider-item-title\">Ba\u015fl\u0131k<\/div><\/div><\/div><div class=\"rsContent\"><a class=\"rsImg\" data-rsw=\"2000\" data-rsh=\"2000\" href=\"https:\/\/drmeryshoes.com\/wp-content\/plugins\/us-core\/assets\/images\/placeholder.svg\"><span data-alt=\"\"><\/span><\/a><div class=\"rsABlock\" data-fadeeffect=\"false\" data-moveeffect=\"none\"><div class=\"w-slider-item-title\">Ba\u015fl\u0131k<\/div><\/div><\/div><div class=\"rsContent\"><a class=\"rsImg\" data-rsw=\"2000\" data-rsh=\"2000\" href=\"https:\/\/drmeryshoes.com\/wp-content\/plugins\/us-core\/assets\/images\/placeholder.svg\"><span data-alt=\"\"><\/span><\/a><div class=\"rsABlock\" data-fadeeffect=\"false\" data-moveeffect=\"none\"><div class=\"w-slider-item-title\">Ba\u015fl\u0131k<\/div><\/div><\/div><\/div><img decoding=\"async\" src=\"https:\/\/drmeryshoes.com\/wp-content\/plugins\/us-core\/assets\/images\/placeholder.svg\" width=\"2000\" height=\"2000\" alt loading=\"lazy\"><\/div><div class=\"w-slider-json\" onclick='return {&quot;autoScaleSlider&quot;:true,&quot;addActiveClass&quot;:true,&quot;loop&quot;:true,&quot;fadeInLoadedSlide&quot;:false,&quot;slidesSpacing&quot;:0,&quot;imageScalePadding&quot;:0,&quot;numImagesToPreload&quot;:2,&quot;arrowsNav&quot;:true,&quot;arrowsNavAutoHide&quot;:true,&quot;transitionType&quot;:&quot;move&quot;,&quot;transitionSpeed&quot;:250,&quot;block&quot;:{&quot;moveEffect&quot;:&quot;none&quot;,&quot;speed&quot;:300},&quot;thumbs&quot;:{&quot;fitInViewport&quot;:false,&quot;firstMargin&quot;:false,&quot;spacing&quot;:4},&quot;controlNavigation&quot;:&quot;bullets&quot;,&quot;autoplay&quot;:{&quot;enabled&quot;:true,&quot;pauseOnHover&quot;:true,&quot;delay&quot;:3000},&quot;autoScaleSliderWidth&quot;:&quot;2000&quot;,&quot;autoScaleSliderHeight&quot;:&quot;2000&quot;}'><\/div><\/div><\/div><\/div><div class=\"wpb_column vc_column_container\"><div class=\"vc_column-inner\"><div class=\"wpb_text_column\"><div class=\"wpb_wrapper\"><\/p>\n<p style=\"text-align: center;\">Thumbs Navigation<\/p>\n<p>\n<\/div><\/div><div class=\"w-slider style_none fit_cover nav_thumbs count_3\" style=\"--thumbs-width:4rem;--thumbs-gap:4px;\"><div class=\"w-slider-h\"><div class=\"royalSlider\"><div class=\"rsContent\"><a class=\"rsImg\" data-rsw=\"2000\" data-rsh=\"2000\" href=\"https:\/\/drmeryshoes.com\/wp-content\/plugins\/us-core\/assets\/images\/placeholder.svg\"><span data-alt=\"\"><\/span><\/a><img decoding=\"async\" class=\"rsTmb\" src=\"https:\/\/drmeryshoes.com\/wp-content\/plugins\/us-core\/assets\/images\/placeholder.svg\" alt=\"\"><div class=\"rsABlock\" data-fadeeffect=\"false\" data-moveeffect=\"none\"><div class=\"w-slider-item-title\">Ba\u015fl\u0131k<\/div><\/div><\/div><div class=\"rsContent\"><a class=\"rsImg\" data-rsw=\"2000\" data-rsh=\"2000\" href=\"https:\/\/drmeryshoes.com\/wp-content\/plugins\/us-core\/assets\/images\/placeholder.svg\"><span data-alt=\"\"><\/span><\/a><img decoding=\"async\" class=\"rsTmb\" src=\"https:\/\/drmeryshoes.com\/wp-content\/plugins\/us-core\/assets\/images\/placeholder.svg\" alt=\"\"><div class=\"rsABlock\" data-fadeeffect=\"false\" data-moveeffect=\"none\"><div class=\"w-slider-item-title\">Ba\u015fl\u0131k<\/div><\/div><\/div><div class=\"rsContent\"><a class=\"rsImg\" data-rsw=\"2000\" data-rsh=\"2000\" href=\"https:\/\/drmeryshoes.com\/wp-content\/plugins\/us-core\/assets\/images\/placeholder.svg\"><span data-alt=\"\"><\/span><\/a><img decoding=\"async\" class=\"rsTmb\" src=\"https:\/\/drmeryshoes.com\/wp-content\/plugins\/us-core\/assets\/images\/placeholder.svg\" alt=\"\"><div class=\"rsABlock\" data-fadeeffect=\"false\" data-moveeffect=\"none\"><div class=\"w-slider-item-title\">Ba\u015fl\u0131k<\/div><\/div><\/div><\/div><img decoding=\"async\" src=\"https:\/\/drmeryshoes.com\/wp-content\/plugins\/us-core\/assets\/images\/placeholder.svg\" width=\"2000\" height=\"2000\" alt loading=\"lazy\"><\/div><div class=\"w-slider-json\" onclick='return {&quot;autoScaleSlider&quot;:true,&quot;addActiveClass&quot;:true,&quot;loop&quot;:true,&quot;fadeInLoadedSlide&quot;:false,&quot;slidesSpacing&quot;:0,&quot;imageScalePadding&quot;:0,&quot;numImagesToPreload&quot;:2,&quot;arrowsNav&quot;:true,&quot;arrowsNavAutoHide&quot;:true,&quot;transitionType&quot;:&quot;move&quot;,&quot;transitionSpeed&quot;:250,&quot;block&quot;:{&quot;moveEffect&quot;:&quot;none&quot;,&quot;speed&quot;:300},&quot;thumbs&quot;:{&quot;fitInViewport&quot;:false,&quot;firstMargin&quot;:false,&quot;spacing&quot;:4},&quot;controlNavigation&quot;:&quot;thumbnails&quot;,&quot;autoplay&quot;:{&quot;enabled&quot;:true,&quot;pauseOnHover&quot;:true,&quot;delay&quot;:3000},&quot;fullscreen&quot;:{&quot;enabled&quot;:true},&quot;autoScaleSliderWidth&quot;:&quot;2000&quot;,&quot;autoScaleSliderHeight&quot;:&quot;2000&quot;}'><\/div><\/div><\/div><\/div><\/div><\/div><\/section><section class=\"l-section wpb_row height_custom\"><div class=\"l-section-h i-cf\"><div class=\"g-cols vc_row via_grid cols_3 laptops-cols_inherit tablets-cols_inherit mobiles-cols_1 valign_top type_default stacking_default\"><div class=\"wpb_column vc_column_container\"><div class=\"vc_column-inner\"><div class=\"wpb_text_column\"><div class=\"wpb_wrapper\"><\/p>\n<p style=\"text-align: center;\">Show Arrows Always<\/p>\n<p>\n<\/div><\/div><div class=\"w-slider style_none fit_cover nav_none count_3\"><div class=\"w-slider-h\"><div class=\"royalSlider\"><div class=\"rsContent\"><a class=\"rsImg\" data-rsw=\"300\" data-rsh=\"300\" href=\"https:\/\/drmeryshoes.com\/wp-content\/plugins\/us-core\/assets\/images\/placeholder.svg\"><span data-alt=\"\"><\/span><\/a><\/div><div class=\"rsContent\"><a class=\"rsImg\" data-rsw=\"300\" data-rsh=\"300\" href=\"https:\/\/drmeryshoes.com\/wp-content\/plugins\/us-core\/assets\/images\/placeholder.svg\"><span data-alt=\"\"><\/span><\/a><\/div><div class=\"rsContent\"><a class=\"rsImg\" data-rsw=\"300\" data-rsh=\"300\" href=\"https:\/\/drmeryshoes.com\/wp-content\/plugins\/us-core\/assets\/images\/placeholder.svg\"><span data-alt=\"\"><\/span><\/a><\/div><\/div><img decoding=\"async\" src=\"https:\/\/drmeryshoes.com\/wp-content\/plugins\/us-core\/assets\/images\/placeholder.svg\" width=\"300\" height=\"300\" alt loading=\"lazy\"><\/div><div class=\"w-slider-json\" onclick='return {&quot;autoScaleSlider&quot;:true,&quot;addActiveClass&quot;:true,&quot;loop&quot;:true,&quot;fadeInLoadedSlide&quot;:false,&quot;slidesSpacing&quot;:0,&quot;imageScalePadding&quot;:0,&quot;numImagesToPreload&quot;:2,&quot;arrowsNav&quot;:true,&quot;arrowsNavAutoHide&quot;:false,&quot;transitionType&quot;:&quot;move&quot;,&quot;transitionSpeed&quot;:250,&quot;block&quot;:{&quot;moveEffect&quot;:&quot;none&quot;,&quot;speed&quot;:300},&quot;thumbs&quot;:{&quot;fitInViewport&quot;:false,&quot;firstMargin&quot;:false,&quot;spacing&quot;:4},&quot;controlNavigation&quot;:&quot;none&quot;,&quot;autoplay&quot;:{&quot;enabled&quot;:true,&quot;pauseOnHover&quot;:true,&quot;delay&quot;:3000},&quot;autoScaleSliderWidth&quot;:&quot;300&quot;,&quot;autoScaleSliderHeight&quot;:&quot;300&quot;}'><\/div><\/div><\/div><\/div><div class=\"wpb_column vc_column_container\"><div class=\"vc_column-inner\"><div class=\"wpb_text_column\"><div class=\"wpb_wrapper\"><\/p>\n<p style=\"text-align: center;\">Show Arrows on Hover<\/p>\n<p>\n<\/div><\/div><div class=\"w-slider style_none fit_cover nav_none count_3\"><div class=\"w-slider-h\"><div class=\"royalSlider\"><div class=\"rsContent\"><a class=\"rsImg\" data-rsw=\"300\" data-rsh=\"300\" href=\"https:\/\/drmeryshoes.com\/wp-content\/plugins\/us-core\/assets\/images\/placeholder.svg\"><span data-alt=\"\"><\/span><\/a><\/div><div class=\"rsContent\"><a class=\"rsImg\" data-rsw=\"300\" data-rsh=\"300\" href=\"https:\/\/drmeryshoes.com\/wp-content\/plugins\/us-core\/assets\/images\/placeholder.svg\"><span data-alt=\"\"><\/span><\/a><\/div><div class=\"rsContent\"><a class=\"rsImg\" data-rsw=\"300\" data-rsh=\"300\" href=\"https:\/\/drmeryshoes.com\/wp-content\/plugins\/us-core\/assets\/images\/placeholder.svg\"><span data-alt=\"\"><\/span><\/a><\/div><\/div><img decoding=\"async\" src=\"https:\/\/drmeryshoes.com\/wp-content\/plugins\/us-core\/assets\/images\/placeholder.svg\" width=\"300\" height=\"300\" alt loading=\"lazy\"><\/div><div class=\"w-slider-json\" onclick='return {&quot;autoScaleSlider&quot;:true,&quot;addActiveClass&quot;:true,&quot;loop&quot;:true,&quot;fadeInLoadedSlide&quot;:false,&quot;slidesSpacing&quot;:0,&quot;imageScalePadding&quot;:0,&quot;numImagesToPreload&quot;:2,&quot;arrowsNav&quot;:true,&quot;arrowsNavAutoHide&quot;:true,&quot;transitionType&quot;:&quot;move&quot;,&quot;transitionSpeed&quot;:250,&quot;block&quot;:{&quot;moveEffect&quot;:&quot;none&quot;,&quot;speed&quot;:300},&quot;thumbs&quot;:{&quot;fitInViewport&quot;:false,&quot;firstMargin&quot;:false,&quot;spacing&quot;:4},&quot;controlNavigation&quot;:&quot;none&quot;,&quot;autoplay&quot;:{&quot;enabled&quot;:true,&quot;pauseOnHover&quot;:true,&quot;delay&quot;:3000},&quot;autoScaleSliderWidth&quot;:&quot;300&quot;,&quot;autoScaleSliderHeight&quot;:&quot;300&quot;}'><\/div><\/div><\/div><\/div><div class=\"wpb_column vc_column_container\"><div class=\"vc_column-inner\"><div class=\"wpb_text_column\"><div class=\"wpb_wrapper\"><\/p>\n<p style=\"text-align: center;\">Hide Arrows<\/p>\n<p>\n<\/div><\/div><div class=\"w-slider style_none fit_cover nav_none count_3\"><div class=\"w-slider-h\"><div class=\"royalSlider\"><div class=\"rsContent\"><a class=\"rsImg\" data-rsw=\"300\" data-rsh=\"300\" href=\"https:\/\/drmeryshoes.com\/wp-content\/plugins\/us-core\/assets\/images\/placeholder.svg\"><span data-alt=\"\"><\/span><\/a><\/div><div class=\"rsContent\"><a class=\"rsImg\" data-rsw=\"300\" data-rsh=\"300\" href=\"https:\/\/drmeryshoes.com\/wp-content\/plugins\/us-core\/assets\/images\/placeholder.svg\"><span data-alt=\"\"><\/span><\/a><\/div><div class=\"rsContent\"><a class=\"rsImg\" data-rsw=\"300\" data-rsh=\"300\" href=\"https:\/\/drmeryshoes.com\/wp-content\/plugins\/us-core\/assets\/images\/placeholder.svg\"><span data-alt=\"\"><\/span><\/a><\/div><\/div><img decoding=\"async\" src=\"https:\/\/drmeryshoes.com\/wp-content\/plugins\/us-core\/assets\/images\/placeholder.svg\" width=\"300\" height=\"300\" alt loading=\"lazy\"><\/div><div class=\"w-slider-json\" onclick='return {&quot;autoScaleSlider&quot;:true,&quot;addActiveClass&quot;:true,&quot;loop&quot;:true,&quot;fadeInLoadedSlide&quot;:false,&quot;slidesSpacing&quot;:0,&quot;imageScalePadding&quot;:0,&quot;numImagesToPreload&quot;:2,&quot;arrowsNav&quot;:false,&quot;arrowsNavAutoHide&quot;:false,&quot;transitionType&quot;:&quot;move&quot;,&quot;transitionSpeed&quot;:250,&quot;block&quot;:{&quot;moveEffect&quot;:&quot;none&quot;,&quot;speed&quot;:300},&quot;thumbs&quot;:{&quot;fitInViewport&quot;:false,&quot;firstMargin&quot;:false,&quot;spacing&quot;:4},&quot;controlNavigation&quot;:&quot;none&quot;,&quot;autoplay&quot;:{&quot;enabled&quot;:true,&quot;pauseOnHover&quot;:true,&quot;delay&quot;:3000},&quot;autoScaleSliderWidth&quot;:&quot;300&quot;,&quot;autoScaleSliderHeight&quot;:&quot;300&quot;}'><\/div><\/div><\/div><\/div><\/div><\/div><\/section><section class=\"l-section wpb_row height_custom\"><div class=\"l-section-h i-cf\"><div class=\"g-cols vc_row via_grid cols_2 laptops-cols_inherit tablets-cols_inherit mobiles-cols_1 valign_top type_default stacking_default\"><div class=\"wpb_column vc_column_container\"><div class=\"vc_column-inner\"><div class=\"wpb_text_column\"><div class=\"wpb_wrapper\"><\/p>\n<p style=\"text-align: center;\">Slide Transition<\/p>\n<p>\n<\/div><\/div><div class=\"w-slider style_none fit_scaledown nav_none count_3\"><div class=\"w-slider-h\"><div class=\"royalSlider\"><div class=\"rsContent\"><a class=\"rsImg\" data-rsw=\"2000\" data-rsh=\"2000\" href=\"https:\/\/drmeryshoes.com\/wp-content\/plugins\/us-core\/assets\/images\/placeholder.svg\"><span data-alt=\"\"><\/span><\/a><\/div><div class=\"rsContent\"><a class=\"rsImg\" data-rsw=\"2000\" data-rsh=\"2000\" href=\"https:\/\/drmeryshoes.com\/wp-content\/plugins\/us-core\/assets\/images\/placeholder.svg\"><span data-alt=\"\"><\/span><\/a><\/div><div class=\"rsContent\"><a class=\"rsImg\" data-rsw=\"2000\" data-rsh=\"2000\" href=\"https:\/\/drmeryshoes.com\/wp-content\/plugins\/us-core\/assets\/images\/placeholder.svg\"><span data-alt=\"\"><\/span><\/a><\/div><\/div><img decoding=\"async\" src=\"https:\/\/drmeryshoes.com\/wp-content\/plugins\/us-core\/assets\/images\/placeholder.svg\" width=\"2000\" height=\"2000\" alt loading=\"lazy\"><\/div><div class=\"w-slider-json\" onclick='return {&quot;autoScaleSlider&quot;:true,&quot;addActiveClass&quot;:true,&quot;loop&quot;:true,&quot;fadeInLoadedSlide&quot;:false,&quot;slidesSpacing&quot;:0,&quot;imageScalePadding&quot;:0,&quot;numImagesToPreload&quot;:2,&quot;arrowsNav&quot;:true,&quot;arrowsNavAutoHide&quot;:true,&quot;transitionType&quot;:&quot;move&quot;,&quot;transitionSpeed&quot;:250,&quot;block&quot;:{&quot;moveEffect&quot;:&quot;none&quot;,&quot;speed&quot;:300},&quot;thumbs&quot;:{&quot;fitInViewport&quot;:false,&quot;firstMargin&quot;:false,&quot;spacing&quot;:4},&quot;controlNavigation&quot;:&quot;none&quot;,&quot;autoScaleSliderWidth&quot;:&quot;2000&quot;,&quot;autoScaleSliderHeight&quot;:&quot;2000&quot;}'><\/div><\/div><\/div><\/div><div class=\"wpb_column vc_column_container\"><div class=\"vc_column-inner\"><div class=\"wpb_text_column\"><div class=\"wpb_wrapper\"><\/p>\n<p style=\"text-align: center;\">Fade Transition<\/p>\n<p>\n<\/div><\/div><div class=\"w-slider style_none fit_scaledown nav_none count_3\"><div class=\"w-slider-h\"><div class=\"royalSlider\"><div class=\"rsContent\"><a class=\"rsImg\" data-rsw=\"2000\" data-rsh=\"2000\" href=\"https:\/\/drmeryshoes.com\/wp-content\/plugins\/us-core\/assets\/images\/placeholder.svg\"><span data-alt=\"\"><\/span><\/a><\/div><div class=\"rsContent\"><a class=\"rsImg\" data-rsw=\"2000\" data-rsh=\"2000\" href=\"https:\/\/drmeryshoes.com\/wp-content\/plugins\/us-core\/assets\/images\/placeholder.svg\"><span data-alt=\"\"><\/span><\/a><\/div><div class=\"rsContent\"><a class=\"rsImg\" data-rsw=\"2000\" data-rsh=\"2000\" href=\"https:\/\/drmeryshoes.com\/wp-content\/plugins\/us-core\/assets\/images\/placeholder.svg\"><span data-alt=\"\"><\/span><\/a><\/div><\/div><img decoding=\"async\" src=\"https:\/\/drmeryshoes.com\/wp-content\/plugins\/us-core\/assets\/images\/placeholder.svg\" width=\"2000\" height=\"2000\" alt loading=\"lazy\"><\/div><div class=\"w-slider-json\" onclick='return {&quot;autoScaleSlider&quot;:true,&quot;addActiveClass&quot;:true,&quot;loop&quot;:true,&quot;fadeInLoadedSlide&quot;:false,&quot;slidesSpacing&quot;:0,&quot;imageScalePadding&quot;:0,&quot;numImagesToPreload&quot;:2,&quot;arrowsNav&quot;:true,&quot;arrowsNavAutoHide&quot;:true,&quot;transitionType&quot;:&quot;fade&quot;,&quot;transitionSpeed&quot;:250,&quot;block&quot;:{&quot;moveEffect&quot;:&quot;none&quot;,&quot;speed&quot;:300},&quot;thumbs&quot;:{&quot;fitInViewport&quot;:false,&quot;firstMargin&quot;:false,&quot;spacing&quot;:4},&quot;controlNavigation&quot;:&quot;none&quot;,&quot;autoScaleSliderWidth&quot;:&quot;2000&quot;,&quot;autoScaleSliderHeight&quot;:&quot;2000&quot;}'><\/div><\/div><\/div><\/div><\/div><\/div><\/section>","protected":false},"excerpt":{"rendered":"Dots Navigation Ba\u015fl\u0131kBa\u015fl\u0131kBa\u015fl\u0131kThumbs Navigation Ba\u015fl\u0131kBa\u015fl\u0131kBa\u015fl\u0131kShow Arrows Always Show Arrows on Hover Hide Arrows Slide Transition Fade Transition","protected":false},"author":1,"featured_media":0,"parent":0,"menu_order":0,"comment_status":"closed","ping_status":"closed","template":"","meta":{"_themeisle_gutenberg_block_has_review":false,"footnotes":""},"class_list":["post-1146","page","type-page","status-publish","hentry"],"_links":{"self":[{"href":"https:\/\/drmeryshoes.com\/tr\/wp-json\/wp\/v2\/pages\/1146","targetHints":{"allow":["GET"]}}],"collection":[{"href":"https:\/\/drmeryshoes.com\/tr\/wp-json\/wp\/v2\/pages"}],"about":[{"href":"https:\/\/drmeryshoes.com\/tr\/wp-json\/wp\/v2\/types\/page"}],"author":[{"embeddable":true,"href":"https:\/\/drmeryshoes.com\/tr\/wp-json\/wp\/v2\/users\/1"}],"replies":[{"embeddable":true,"href":"https:\/\/drmeryshoes.com\/tr\/wp-json\/wp\/v2\/comments?post=1146"}],"version-history":[{"count":0,"href":"https:\/\/drmeryshoes.com\/tr\/wp-json\/wp\/v2\/pages\/1146\/revisions"}],"wp:attachment":[{"href":"https:\/\/drmeryshoes.com\/tr\/wp-json\/wp\/v2\/media?parent=1146"}],"curies":[{"name":"wp","href":"https:\/\/api.w.org\/{rel}","templated":true}]}}